{"id":3439,"date":"2018-08-28T16:33:41","date_gmt":"2018-08-28T13:33:41","guid":{"rendered":"http:\/\/venusoyuncak.com\/?page_id=3439"},"modified":"2019-10-09T16:39:49","modified_gmt":"2019-10-09T13:39:49","slug":"egitim-ve-zeka-oyunlari","status":"publish","type":"page","link":"https:\/\/venusoyuncak.com\/en\/urunlerimiz\/egitim-ve-zeka-oyunlari\/","title":{"rendered":"E\u011fitim ve Zeka Oyunlar\u0131"},"content":{"rendered":"<div class=\"mkdf-row-grid-section-wrapper\"  ><div class=\"mkdf-row-grid-section\"><div class=\"vc_row wpb_row vc_row-fluid vc_custom_1528968394595\" ><div class=\"wpb_column vc_column_container vc_col-sm-12\"><div class=\"vc_column-inner vc_custom_1528297201112\"><div class=\"wpb_wrapper\"><div class=\"mkdf-pl-holder mkdf-standard-layout mkdf-normal-space mkdf-four-columns mkdf-info-below-image\"  data-type=\"standard\" data-info-position=\"info-below-image\" data-enable-fixed-proportions=\"no\" data-number-of-posts=\"18\" data-number-of-columns=\"4\" data-space-between-items=\"normal\" data-show-ordering-filter=\"no\" data-orderby=\"menu_order\" data-order=\"ASC\" data-show-category-filter=\"no\" data-show-all-item-in-filter=\"yes\" data-taxonomy-to-display=\"category\" data-taxonomy-values=\"egitim-ve-zeka-oyunlari\" data-display-title=\"yes\" data-title-tag=\"h5\" data-display-category=\"no\" data-display-rating=\"yes\" data-display-price=\"yes\" data-display-button=\"yes\" data-button-skin=\"default\" data-class-name=\"pli\" data-layout-classes=\"mkdf-pli-hover-overlay\">\n                            <div class=\"mkdf-prl-loading\">\n            <span class=\"mkdf-prl-loading-msg\">Loading...<\/span>\n        <\/div>\n        <div class=\"mkdf-pl-outer mkdf-outer-space\">\n            <div class=\"mkdf-pli mkdf-item-space\">\n\t<div class=\"mkdf-pli-inner\">\n\t\t<div class=\"mkdf-pli-image\">\n\t\t\t\n<img width=\"600\" height=\"600\" src=\"https:\/\/venusoyuncak.com\/wp-content\/uploads\/2019\/10\/eglenceli-sekiller-kapak-600x600.jpg\" class=\"attachment-woocommerce_single size-woocommerce_single wp-post-image\" alt=\"\" loading=\"lazy\" srcset=\"https:\/\/venusoyuncak.com\/wp-content\/uploads\/2019\/10\/eglenceli-sekiller-kapak-600x600.jpg 600w, https:\/\/venusoyuncak.com\/wp-content\/uploads\/2019\/10\/eglenceli-sekiller-kapak-150x150.jpg 150w, https:\/\/venusoyuncak.com\/wp-content\/uploads\/2019\/10\/eglenceli-sekiller-kapak-420x420.jpg 420w, https:\/\/venusoyuncak.com\/wp-content\/uploads\/2019\/10\/eglenceli-sekiller-kapak-768x768.jpg 768w, https:\/\/venusoyuncak.com\/wp-content\/uploads\/2019\/10\/eglenceli-sekiller-kapak-650x650.jpg 650w, https:\/\/venusoyuncak.com\/wp-content\/uploads\/2019\/10\/eglenceli-sekiller-kapak-300x300.jpg 300w, https:\/\/venusoyuncak.com\/wp-content\/uploads\/2019\/10\/eglenceli-sekiller-kapak-100x100.jpg 100w, https:\/\/venusoyuncak.com\/wp-content\/uploads\/2019\/10\/eglenceli-sekiller-kapak.jpg 830w\" sizes=\"(max-width: 600px) 100vw, 600px\" \/>\t\t<\/div>\n\t\t<div class=\"mkdf-pli-text mkdf-pli-hover-overlay\" >\n\t\t\t<div class=\"mkdf-pli-text-outer\">\n\t\t\t\t<div class=\"mkdf-pli-text-inner\">\n\t\t\t\t\t\t\n\t<div class=\"mkdf-pli-add-to-cart mkdf-default-skin\">\n\t\t<a rel=\"nofollow\" href=\"https:\/\/venusoyuncak.com\/en\/product\/eglenceli-sekiller\/\" data-quantity=\"1\" data-product_id=\"3648\" data-product_sku=\"\" class=\"button add_to_cart_button ajax_add_to_cart mkdf-button mkdf-pl-btn mkdf-btn mkdf-btn-solid\" data-no-translation=\"\" data-trp-gettext=\"\">Read more<\/a>\n\t<\/div>\n\t\t\t\t\t<div class=\"mkdf-quickwish-holder\"><\/div>\t\t\t\t<\/div>\n\t\t\t<\/div>\n\t\t<\/div>\n\t\t<a class=\"mkdf-pli-link\" itemprop=\"url\" href=\"https:\/\/venusoyuncak.com\/en\/product\/eglenceli-sekiller\/\" title=\"E\u011flenceli \u015eekiller\"><\/a>\n\t<\/div>\n\t<div class=\"mkdf-pli-text-wrapper\" >\n\t\t    <h5 itemprop=\"name\" class=\"entry-title mkdf-pli-title\" >\n\t\t<a itemprop=\"url\" href=\"https:\/\/venusoyuncak.com\/en\/product\/eglenceli-sekiller\/\">E\u011flenceli \u015eekiller<\/a>\n\t<\/h5>\n\t\t\n\t\t\t\t\t\t\n\t\t\t\t\t\n\t\t\t<\/div>\n<\/div><div class=\"mkdf-pli mkdf-item-space\">\n\t<div class=\"mkdf-pli-inner\">\n\t\t<div class=\"mkdf-pli-image\">\n\t\t\t\n<img width=\"600\" height=\"600\" src=\"https:\/\/venusoyuncak.com\/wp-content\/uploads\/2019\/10\/egitim-ve-zeka-fast-numbers-kapak-600x600.jpg\" class=\"attachment-woocommerce_single size-woocommerce_single wp-post-image\" alt=\"\" loading=\"lazy\" srcset=\"https:\/\/venusoyuncak.com\/wp-content\/uploads\/2019\/10\/egitim-ve-zeka-fast-numbers-kapak-600x600.jpg 600w, https:\/\/venusoyuncak.com\/wp-content\/uploads\/2019\/10\/egitim-ve-zeka-fast-numbers-kapak-420x420.jpg 420w, https:\/\/venusoyuncak.com\/wp-content\/uploads\/2019\/10\/egitim-ve-zeka-fast-numbers-kapak-150x150.jpg 150w, https:\/\/venusoyuncak.com\/wp-content\/uploads\/2019\/10\/egitim-ve-zeka-fast-numbers-kapak-768x768.jpg 768w, https:\/\/venusoyuncak.com\/wp-content\/uploads\/2019\/10\/egitim-ve-zeka-fast-numbers-kapak-650x650.jpg 650w, https:\/\/venusoyuncak.com\/wp-content\/uploads\/2019\/10\/egitim-ve-zeka-fast-numbers-kapak-300x300.jpg 300w, https:\/\/venusoyuncak.com\/wp-content\/uploads\/2019\/10\/egitim-ve-zeka-fast-numbers-kapak-100x100.jpg 100w, https:\/\/venusoyuncak.com\/wp-content\/uploads\/2019\/10\/egitim-ve-zeka-fast-numbers-kapak.jpg 830w\" sizes=\"(max-width: 600px) 100vw, 600px\" \/>\t\t<\/div>\n\t\t<div class=\"mkdf-pli-text mkdf-pli-hover-overlay\" >\n\t\t\t<div class=\"mkdf-pli-text-outer\">\n\t\t\t\t<div class=\"mkdf-pli-text-inner\">\n\t\t\t\t\t\t\n\t<div class=\"mkdf-pli-add-to-cart mkdf-default-skin\">\n\t\t<a rel=\"nofollow\" href=\"https:\/\/venusoyuncak.com\/en\/product\/fast-numbers\/\" data-quantity=\"1\" data-product_id=\"3650\" data-product_sku=\"\" class=\"button add_to_cart_button ajax_add_to_cart mkdf-button mkdf-pl-btn mkdf-btn mkdf-btn-solid\" data-no-translation=\"\" data-trp-gettext=\"\">Read more<\/a>\n\t<\/div>\n\t\t\t\t\t<div class=\"mkdf-quickwish-holder\"><\/div>\t\t\t\t<\/div>\n\t\t\t<\/div>\n\t\t<\/div>\n\t\t<a class=\"mkdf-pli-link\" itemprop=\"url\" href=\"https:\/\/venusoyuncak.com\/en\/product\/fast-numbers\/\" title=\"Fast Numbers\"><\/a>\n\t<\/div>\n\t<div class=\"mkdf-pli-text-wrapper\" >\n\t\t    <h5 itemprop=\"name\" class=\"entry-title mkdf-pli-title\" >\n\t\t<a itemprop=\"url\" href=\"https:\/\/venusoyuncak.com\/en\/product\/fast-numbers\/\">Fast Numbers<\/a>\n\t<\/h5>\n\t\t\n\t\t\t\t\t\t\n\t\t\t\t\t\n\t\t\t<\/div>\n<\/div><div class=\"mkdf-pli mkdf-item-space\">\n\t<div class=\"mkdf-pli-inner\">\n\t\t<div class=\"mkdf-pli-image\">\n\t\t\t\n<img width=\"600\" height=\"600\" src=\"https:\/\/venusoyuncak.com\/wp-content\/uploads\/2019\/09\/bowling-eglenceli-bardaklar-kapak-600x600.jpg\" class=\"attachment-woocommerce_single size-woocommerce_single wp-post-image\" alt=\"\" loading=\"lazy\" srcset=\"https:\/\/venusoyuncak.com\/wp-content\/uploads\/2019\/09\/bowling-eglenceli-bardaklar-kapak-600x600.jpg 600w, https:\/\/venusoyuncak.com\/wp-content\/uploads\/2019\/09\/bowling-eglenceli-bardaklar-kapak-150x150.jpg 150w, https:\/\/venusoyuncak.com\/wp-content\/uploads\/2019\/09\/bowling-eglenceli-bardaklar-kapak-420x420.jpg 420w, https:\/\/venusoyuncak.com\/wp-content\/uploads\/2019\/09\/bowling-eglenceli-bardaklar-kapak-768x768.jpg 768w, https:\/\/venusoyuncak.com\/wp-content\/uploads\/2019\/09\/bowling-eglenceli-bardaklar-kapak-650x650.jpg 650w, https:\/\/venusoyuncak.com\/wp-content\/uploads\/2019\/09\/bowling-eglenceli-bardaklar-kapak-300x300.jpg 300w, https:\/\/venusoyuncak.com\/wp-content\/uploads\/2019\/09\/bowling-eglenceli-bardaklar-kapak-100x100.jpg 100w, https:\/\/venusoyuncak.com\/wp-content\/uploads\/2019\/09\/bowling-eglenceli-bardaklar-kapak.jpg 830w\" sizes=\"(max-width: 600px) 100vw, 600px\" \/>\t\t<\/div>\n\t\t<div class=\"mkdf-pli-text mkdf-pli-hover-overlay\" >\n\t\t\t<div class=\"mkdf-pli-text-outer\">\n\t\t\t\t<div class=\"mkdf-pli-text-inner\">\n\t\t\t\t\t\t\n\t<div class=\"mkdf-pli-add-to-cart mkdf-default-skin\">\n\t\t<a rel=\"nofollow\" href=\"https:\/\/venusoyuncak.com\/en\/product\/bowling-eglenceli-bardaklar\/\" data-quantity=\"1\" data-product_id=\"3626\" data-product_sku=\"\" class=\"button add_to_cart_button ajax_add_to_cart mkdf-button mkdf-pl-btn mkdf-btn mkdf-btn-solid\" data-no-translation=\"\" data-trp-gettext=\"\">Read more<\/a>\n\t<\/div>\n\t\t\t\t\t<div class=\"mkdf-quickwish-holder\"><\/div>\t\t\t\t<\/div>\n\t\t\t<\/div>\n\t\t<\/div>\n\t\t<a class=\"mkdf-pli-link\" itemprop=\"url\" href=\"https:\/\/venusoyuncak.com\/en\/product\/bowling-eglenceli-bardaklar\/\" title=\"Bowling E\u011flenceli Bardaklar\"><\/a>\n\t<\/div>\n\t<div class=\"mkdf-pli-text-wrapper\" >\n\t\t    <h5 itemprop=\"name\" class=\"entry-title mkdf-pli-title\" >\n\t\t<a itemprop=\"url\" href=\"https:\/\/venusoyuncak.com\/en\/product\/bowling-eglenceli-bardaklar\/\">Bowling E\u011flenceli Bardaklar<\/a>\n\t<\/h5>\n\t\t\n\t\t\t\t\t\t\n\t\t\t\t\t\n\t\t\t<\/div>\n<\/div><div class=\"mkdf-pli mkdf-item-space\">\n\t<div class=\"mkdf-pli-inner\">\n\t\t<div class=\"mkdf-pli-image\">\n\t\t\t\n<img width=\"600\" height=\"600\" src=\"https:\/\/venusoyuncak.com\/wp-content\/uploads\/2019\/10\/egitim-ve-zeka-ingilizce-kelime-avi-kapak-600x600.jpg\" class=\"attachment-woocommerce_single size-woocommerce_single wp-post-image\" alt=\"\" loading=\"lazy\" srcset=\"https:\/\/venusoyuncak.com\/wp-content\/uploads\/2019\/10\/egitim-ve-zeka-ingilizce-kelime-avi-kapak-600x600.jpg 600w, https:\/\/venusoyuncak.com\/wp-content\/uploads\/2019\/10\/egitim-ve-zeka-ingilizce-kelime-avi-kapak-420x420.jpg 420w, https:\/\/venusoyuncak.com\/wp-content\/uploads\/2019\/10\/egitim-ve-zeka-ingilizce-kelime-avi-kapak-150x150.jpg 150w, https:\/\/venusoyuncak.com\/wp-content\/uploads\/2019\/10\/egitim-ve-zeka-ingilizce-kelime-avi-kapak-768x768.jpg 768w, https:\/\/venusoyuncak.com\/wp-content\/uploads\/2019\/10\/egitim-ve-zeka-ingilizce-kelime-avi-kapak-650x650.jpg 650w, https:\/\/venusoyuncak.com\/wp-content\/uploads\/2019\/10\/egitim-ve-zeka-ingilizce-kelime-avi-kapak-300x300.jpg 300w, https:\/\/venusoyuncak.com\/wp-content\/uploads\/2019\/10\/egitim-ve-zeka-ingilizce-kelime-avi-kapak-100x100.jpg 100w, https:\/\/venusoyuncak.com\/wp-content\/uploads\/2019\/10\/egitim-ve-zeka-ingilizce-kelime-avi-kapak.jpg 830w\" sizes=\"(max-width: 600px) 100vw, 600px\" \/>\t\t<\/div>\n\t\t<div class=\"mkdf-pli-text mkdf-pli-hover-overlay\" >\n\t\t\t<div class=\"mkdf-pli-text-outer\">\n\t\t\t\t<div class=\"mkdf-pli-text-inner\">\n\t\t\t\t\t\t\n\t<div class=\"mkdf-pli-add-to-cart mkdf-default-skin\">\n\t\t<a rel=\"nofollow\" href=\"https:\/\/venusoyuncak.com\/en\/product\/ingilizce-kelime-avi\/\" data-quantity=\"1\" data-product_id=\"3644\" data-product_sku=\"\" class=\"button add_to_cart_button ajax_add_to_cart mkdf-button mkdf-pl-btn mkdf-btn mkdf-btn-solid\" data-no-translation=\"\" data-trp-gettext=\"\">Read more<\/a>\n\t<\/div>\n\t\t\t\t\t<div class=\"mkdf-quickwish-holder\"><\/div>\t\t\t\t<\/div>\n\t\t\t<\/div>\n\t\t<\/div>\n\t\t<a class=\"mkdf-pli-link\" itemprop=\"url\" href=\"https:\/\/venusoyuncak.com\/en\/product\/ingilizce-kelime-avi\/\" title=\"\u0130ngilizce Kelime Av\u0131\"><\/a>\n\t<\/div>\n\t<div class=\"mkdf-pli-text-wrapper\" >\n\t\t    <h5 itemprop=\"name\" class=\"entry-title mkdf-pli-title\" >\n\t\t<a itemprop=\"url\" href=\"https:\/\/venusoyuncak.com\/en\/product\/ingilizce-kelime-avi\/\">\u0130ngilizce Kelime Av\u0131<\/a>\n\t<\/h5>\n\t\t\n\t\t\t\t\t\t\n\t\t\t\t\t\n\t\t\t<\/div>\n<\/div><div class=\"mkdf-pli mkdf-item-space\">\n\t<div class=\"mkdf-pli-inner\">\n\t\t<div class=\"mkdf-pli-image\">\n\t\t\t\n<img width=\"600\" height=\"600\" src=\"https:\/\/venusoyuncak.com\/wp-content\/uploads\/2019\/10\/egitim-ve-zeka-nebuu-junior-kapak-600x600.jpg\" class=\"attachment-woocommerce_single size-woocommerce_single wp-post-image\" alt=\"\" loading=\"lazy\" srcset=\"https:\/\/venusoyuncak.com\/wp-content\/uploads\/2019\/10\/egitim-ve-zeka-nebuu-junior-kapak-600x600.jpg 600w, https:\/\/venusoyuncak.com\/wp-content\/uploads\/2019\/10\/egitim-ve-zeka-nebuu-junior-kapak-420x420.jpg 420w, https:\/\/venusoyuncak.com\/wp-content\/uploads\/2019\/10\/egitim-ve-zeka-nebuu-junior-kapak-150x150.jpg 150w, https:\/\/venusoyuncak.com\/wp-content\/uploads\/2019\/10\/egitim-ve-zeka-nebuu-junior-kapak-768x768.jpg 768w, https:\/\/venusoyuncak.com\/wp-content\/uploads\/2019\/10\/egitim-ve-zeka-nebuu-junior-kapak-650x650.jpg 650w, https:\/\/venusoyuncak.com\/wp-content\/uploads\/2019\/10\/egitim-ve-zeka-nebuu-junior-kapak-300x300.jpg 300w, https:\/\/venusoyuncak.com\/wp-content\/uploads\/2019\/10\/egitim-ve-zeka-nebuu-junior-kapak-100x100.jpg 100w, https:\/\/venusoyuncak.com\/wp-content\/uploads\/2019\/10\/egitim-ve-zeka-nebuu-junior-kapak.jpg 830w\" sizes=\"(max-width: 600px) 100vw, 600px\" \/>\t\t<\/div>\n\t\t<div class=\"mkdf-pli-text mkdf-pli-hover-overlay\" >\n\t\t\t<div class=\"mkdf-pli-text-outer\">\n\t\t\t\t<div class=\"mkdf-pli-text-inner\">\n\t\t\t\t\t\t\n\t<div class=\"mkdf-pli-add-to-cart mkdf-default-skin\">\n\t\t<a rel=\"nofollow\" href=\"https:\/\/venusoyuncak.com\/en\/product\/yuzde-yuz-yerli-tabu-nebuu-junior\/\" data-quantity=\"1\" data-product_id=\"3627\" data-product_sku=\"\" class=\"button add_to_cart_button ajax_add_to_cart mkdf-button mkdf-pl-btn mkdf-btn mkdf-btn-solid\" data-no-translation=\"\" data-trp-gettext=\"\">Read more<\/a>\n\t<\/div>\n\t\t\t\t\t<div class=\"mkdf-quickwish-holder\"><\/div>\t\t\t\t<\/div>\n\t\t\t<\/div>\n\t\t<\/div>\n\t\t<a class=\"mkdf-pli-link\" itemprop=\"url\" href=\"https:\/\/venusoyuncak.com\/en\/product\/yuzde-yuz-yerli-tabu-nebuu-junior\/\" title=\"Nebuu Junior\"><\/a>\n\t<\/div>\n\t<div class=\"mkdf-pli-text-wrapper\" >\n\t\t    <h5 itemprop=\"name\" class=\"entry-title mkdf-pli-title\" >\n\t\t<a itemprop=\"url\" href=\"https:\/\/venusoyuncak.com\/en\/product\/yuzde-yuz-yerli-tabu-nebuu-junior\/\">Nebuu Junior<\/a>\n\t<\/h5>\n\t\t\n\t\t\t\t\t\t\n\t\t\t\t\t\n\t\t\t<\/div>\n<\/div><div class=\"mkdf-pli mkdf-item-space\">\n\t<div class=\"mkdf-pli-inner\">\n\t\t<div class=\"mkdf-pli-image\">\n\t\t\t\n<img width=\"600\" height=\"600\" src=\"https:\/\/venusoyuncak.com\/wp-content\/uploads\/2019\/10\/egitim-ve-zeka-mufettis-tilki-kapak-600x600.jpg\" class=\"attachment-woocommerce_single size-woocommerce_single wp-post-image\" alt=\"\" loading=\"lazy\" srcset=\"https:\/\/venusoyuncak.com\/wp-content\/uploads\/2019\/10\/egitim-ve-zeka-mufettis-tilki-kapak-600x600.jpg 600w, https:\/\/venusoyuncak.com\/wp-content\/uploads\/2019\/10\/egitim-ve-zeka-mufettis-tilki-kapak-420x420.jpg 420w, https:\/\/venusoyuncak.com\/wp-content\/uploads\/2019\/10\/egitim-ve-zeka-mufettis-tilki-kapak-150x150.jpg 150w, https:\/\/venusoyuncak.com\/wp-content\/uploads\/2019\/10\/egitim-ve-zeka-mufettis-tilki-kapak-768x768.jpg 768w, https:\/\/venusoyuncak.com\/wp-content\/uploads\/2019\/10\/egitim-ve-zeka-mufettis-tilki-kapak-650x650.jpg 650w, https:\/\/venusoyuncak.com\/wp-content\/uploads\/2019\/10\/egitim-ve-zeka-mufettis-tilki-kapak-300x300.jpg 300w, https:\/\/venusoyuncak.com\/wp-content\/uploads\/2019\/10\/egitim-ve-zeka-mufettis-tilki-kapak-100x100.jpg 100w, https:\/\/venusoyuncak.com\/wp-content\/uploads\/2019\/10\/egitim-ve-zeka-mufettis-tilki-kapak.jpg 830w\" sizes=\"(max-width: 600px) 100vw, 600px\" \/>\t\t<\/div>\n\t\t<div class=\"mkdf-pli-text mkdf-pli-hover-overlay\" >\n\t\t\t<div class=\"mkdf-pli-text-outer\">\n\t\t\t\t<div class=\"mkdf-pli-text-inner\">\n\t\t\t\t\t\t\n\t<div class=\"mkdf-pli-add-to-cart mkdf-default-skin\">\n\t\t<a rel=\"nofollow\" href=\"https:\/\/venusoyuncak.com\/en\/product\/mufettis-tilki\/\" data-quantity=\"1\" data-product_id=\"3628\" data-product_sku=\"\" class=\"button add_to_cart_button ajax_add_to_cart mkdf-button mkdf-pl-btn mkdf-btn mkdf-btn-solid\" data-no-translation=\"\" data-trp-gettext=\"\">Read more<\/a>\n\t<\/div>\n\t\t\t\t\t<div class=\"mkdf-quickwish-holder\"><\/div>\t\t\t\t<\/div>\n\t\t\t<\/div>\n\t\t<\/div>\n\t\t<a class=\"mkdf-pli-link\" itemprop=\"url\" href=\"https:\/\/venusoyuncak.com\/en\/product\/mufettis-tilki\/\" title=\"M\u00fcfettis Tilki\"><\/a>\n\t<\/div>\n\t<div class=\"mkdf-pli-text-wrapper\" >\n\t\t    <h5 itemprop=\"name\" class=\"entry-title mkdf-pli-title\" >\n\t\t<a itemprop=\"url\" href=\"https:\/\/venusoyuncak.com\/en\/product\/mufettis-tilki\/\">M\u00fcfettis Tilki<\/a>\n\t<\/h5>\n\t\t\n\t\t\t\t\t\t\n\t\t\t\t\t\n\t\t\t<\/div>\n<\/div><div class=\"mkdf-pli mkdf-item-space\">\n\t<div class=\"mkdf-pli-inner\">\n\t\t<div class=\"mkdf-pli-image\">\n\t\t\t\n<img width=\"600\" height=\"600\" src=\"https:\/\/venusoyuncak.com\/wp-content\/uploads\/2020\/01\/egitim-ve-zeka-zip-zip-bardaklar-kapak-600x600.jpg\" class=\"attachment-woocommerce_single size-woocommerce_single wp-post-image\" alt=\"\" loading=\"lazy\" srcset=\"https:\/\/venusoyuncak.com\/wp-content\/uploads\/2020\/01\/egitim-ve-zeka-zip-zip-bardaklar-kapak-600x600.jpg 600w, https:\/\/venusoyuncak.com\/wp-content\/uploads\/2020\/01\/egitim-ve-zeka-zip-zip-bardaklar-kapak-420x420.jpg 420w, https:\/\/venusoyuncak.com\/wp-content\/uploads\/2020\/01\/egitim-ve-zeka-zip-zip-bardaklar-kapak-150x150.jpg 150w, https:\/\/venusoyuncak.com\/wp-content\/uploads\/2020\/01\/egitim-ve-zeka-zip-zip-bardaklar-kapak-768x768.jpg 768w, https:\/\/venusoyuncak.com\/wp-content\/uploads\/2020\/01\/egitim-ve-zeka-zip-zip-bardaklar-kapak-650x650.jpg 650w, https:\/\/venusoyuncak.com\/wp-content\/uploads\/2020\/01\/egitim-ve-zeka-zip-zip-bardaklar-kapak-300x300.jpg 300w, https:\/\/venusoyuncak.com\/wp-content\/uploads\/2020\/01\/egitim-ve-zeka-zip-zip-bardaklar-kapak-100x100.jpg 100w, https:\/\/venusoyuncak.com\/wp-content\/uploads\/2020\/01\/egitim-ve-zeka-zip-zip-bardaklar-kapak.jpg 830w\" sizes=\"(max-width: 600px) 100vw, 600px\" \/>\t\t<\/div>\n\t\t<div class=\"mkdf-pli-text mkdf-pli-hover-overlay\" >\n\t\t\t<div class=\"mkdf-pli-text-outer\">\n\t\t\t\t<div class=\"mkdf-pli-text-inner\">\n\t\t\t\t\t\t\n\t<div class=\"mkdf-pli-add-to-cart mkdf-default-skin\">\n\t\t<a rel=\"nofollow\" href=\"https:\/\/venusoyuncak.com\/en\/product\/zip-zip-bardaklar\/\" data-quantity=\"1\" data-product_id=\"3555\" data-product_sku=\"\" class=\"button add_to_cart_button ajax_add_to_cart mkdf-button mkdf-pl-btn mkdf-btn mkdf-btn-solid\" data-no-translation=\"\" data-trp-gettext=\"\">Read more<\/a>\n\t<\/div>\n\t\t\t\t\t<div class=\"mkdf-quickwish-holder\"><\/div>\t\t\t\t<\/div>\n\t\t\t<\/div>\n\t\t<\/div>\n\t\t<a class=\"mkdf-pli-link\" itemprop=\"url\" href=\"https:\/\/venusoyuncak.com\/en\/product\/zip-zip-bardaklar\/\" title=\"Z\u0131p Z\u0131p Bardaklar\"><\/a>\n\t<\/div>\n\t<div class=\"mkdf-pli-text-wrapper\" >\n\t\t    <h5 itemprop=\"name\" class=\"entry-title mkdf-pli-title\" >\n\t\t<a itemprop=\"url\" href=\"https:\/\/venusoyuncak.com\/en\/product\/zip-zip-bardaklar\/\">Z\u0131p Z\u0131p Bardaklar<\/a>\n\t<\/h5>\n\t\t\n\t\t\t\t\t\t\n\t\t\t\t\t\n\t\t\t<\/div>\n<\/div>        <\/div>\n    <\/div><\/div><\/div><\/div><\/div><\/div><\/div>","protected":false},"excerpt":{"rendered":"Z\u0131p Z\u0131p Bardaklar Oyunu \u0130\u00e7erik 2-6 Oyuncu 30 Adet bardak 49 Adet resimli g\u00f6rev kart\u0131 1 Adet oyun zili Z\u0131p Z\u0131p Bardaklar oyunu, oyuncular\u0131n analitik d\u00fc\u015f\u00fcnme becerisini geli\u015ftirir. Oyuna odaklanmay\u0131 gerektirir, dikkat s\u00fcresinin uzamas\u0131na yard\u0131mc\u0131 olur. G\u00f6rsel ve uzamsal zeka [...]","protected":false},"author":1,"featured_media":0,"parent":2296,"menu_order":0,"comment_status":"closed","ping_status":"closed","template":"","meta":[],"_links":{"self":[{"href":"https:\/\/venusoyuncak.com\/en\/wp-json\/wp\/v2\/pages\/3439"}],"collection":[{"href":"https:\/\/venusoyuncak.com\/en\/wp-json\/wp\/v2\/pages"}],"about":[{"href":"https:\/\/venusoyuncak.com\/en\/wp-json\/wp\/v2\/types\/page"}],"author":[{"embeddable":true,"href":"https:\/\/venusoyuncak.com\/en\/wp-json\/wp\/v2\/users\/1"}],"replies":[{"embeddable":true,"href":"https:\/\/venusoyuncak.com\/en\/wp-json\/wp\/v2\/comments?post=3439"}],"version-history":[{"count":3,"href":"https:\/\/venusoyuncak.com\/en\/wp-json\/wp\/v2\/pages\/3439\/revisions"}],"predecessor-version":[{"id":3636,"href":"https:\/\/venusoyuncak.com\/en\/wp-json\/wp\/v2\/pages\/3439\/revisions\/3636"}],"up":[{"embeddable":true,"href":"https:\/\/venusoyuncak.com\/en\/wp-json\/wp\/v2\/pages\/2296"}],"wp:attachment":[{"href":"https:\/\/venusoyuncak.com\/en\/wp-json\/wp\/v2\/media?parent=3439"}],"curies":[{"name":"wp","href":"https:\/\/api.w.org\/{rel}","templated":true}]}}