{"id":3443,"date":"2018-08-28T16:35:49","date_gmt":"2018-08-28T13:35:49","guid":{"rendered":"http:\/\/venusoyuncak.com\/?page_id=3443"},"modified":"2019-10-23T12:24:49","modified_gmt":"2019-10-23T09:24:49","slug":"diger-oyuncaklar","status":"publish","type":"page","link":"https:\/\/venusoyuncak.com\/en\/urunlerimiz\/diger-oyuncaklar\/","title":{"rendered":"Di\u011fer Oyuncaklar"},"content":{"rendered":"<div class=\"mkdf-row-grid-section-wrapper\"  ><div class=\"mkdf-row-grid-section\"><div class=\"vc_row wpb_row vc_row-fluid vc_custom_1528968394595\" ><div class=\"wpb_column vc_column_container vc_col-sm-12\"><div class=\"vc_column-inner vc_custom_1528297201112\"><div class=\"wpb_wrapper\"><div class=\"mkdf-pl-holder mkdf-standard-layout mkdf-normal-space mkdf-four-columns mkdf-info-below-image\"  data-type=\"standard\" data-info-position=\"info-below-image\" data-enable-fixed-proportions=\"no\" data-number-of-posts=\"18\" data-number-of-columns=\"4\" data-space-between-items=\"normal\" data-show-ordering-filter=\"no\" data-orderby=\"menu_order\" data-order=\"ASC\" data-show-category-filter=\"no\" data-show-all-item-in-filter=\"yes\" data-taxonomy-to-display=\"category\" data-taxonomy-values=\"diger-oyuncaklar\" data-display-title=\"yes\" data-title-tag=\"h5\" data-display-category=\"no\" data-display-rating=\"yes\" data-display-price=\"yes\" data-display-button=\"yes\" data-button-skin=\"default\" data-class-name=\"pli\" data-layout-classes=\"mkdf-pli-hover-overlay\">\n                            <div class=\"mkdf-prl-loading\">\n            <span class=\"mkdf-prl-loading-msg\">Loading...<\/span>\n        <\/div>\n        <div class=\"mkdf-pl-outer mkdf-outer-space\">\n            <div class=\"mkdf-pli mkdf-item-space\">\n\t<div class=\"mkdf-pli-inner\">\n\t\t<div class=\"mkdf-pli-image\">\n\t\t\t\n<img width=\"600\" height=\"600\" src=\"https:\/\/venusoyuncak.com\/wp-content\/uploads\/2019\/09\/cingirakl\u0131-soft-top-kapak-600x600.jpg\" class=\"attachment-woocommerce_single size-woocommerce_single wp-post-image\" alt=\"\" loading=\"lazy\" srcset=\"https:\/\/venusoyuncak.com\/wp-content\/uploads\/2019\/09\/cingirakl\u0131-soft-top-kapak-600x600.jpg 600w, https:\/\/venusoyuncak.com\/wp-content\/uploads\/2019\/09\/cingirakl\u0131-soft-top-kapak-150x150.jpg 150w, https:\/\/venusoyuncak.com\/wp-content\/uploads\/2019\/09\/cingirakl\u0131-soft-top-kapak-420x420.jpg 420w, https:\/\/venusoyuncak.com\/wp-content\/uploads\/2019\/09\/cingirakl\u0131-soft-top-kapak-768x768.jpg 768w, https:\/\/venusoyuncak.com\/wp-content\/uploads\/2019\/09\/cingirakl\u0131-soft-top-kapak-650x650.jpg 650w, https:\/\/venusoyuncak.com\/wp-content\/uploads\/2019\/09\/cingirakl\u0131-soft-top-kapak-300x300.jpg 300w, https:\/\/venusoyuncak.com\/wp-content\/uploads\/2019\/09\/cingirakl\u0131-soft-top-kapak-100x100.jpg 100w, https:\/\/venusoyuncak.com\/wp-content\/uploads\/2019\/09\/cingirakl\u0131-soft-top-kapak.jpg 830w\" sizes=\"(max-width: 600px) 100vw, 600px\" \/>\t\t<\/div>\n\t\t<div class=\"mkdf-pli-text mkdf-pli-hover-overlay\" >\n\t\t\t<div class=\"mkdf-pli-text-outer\">\n\t\t\t\t<div class=\"mkdf-pli-text-inner\">\n\t\t\t\t\t\t\n\t<div class=\"mkdf-pli-add-to-cart mkdf-default-skin\">\n\t\t<a rel=\"nofollow\" href=\"https:\/\/venusoyuncak.com\/en\/product\/cingirakli-soft-top\/\" data-quantity=\"1\" data-product_id=\"3604\" data-product_sku=\"\" class=\"button add_to_cart_button ajax_add_to_cart mkdf-button mkdf-pl-btn mkdf-btn mkdf-btn-solid\" data-no-translation=\"\" data-trp-gettext=\"\">Read more<\/a>\n\t<\/div>\n\t\t\t\t\t<div class=\"mkdf-quickwish-holder\"><\/div>\t\t\t\t<\/div>\n\t\t\t<\/div>\n\t\t<\/div>\n\t\t<a class=\"mkdf-pli-link\" itemprop=\"url\" href=\"https:\/\/venusoyuncak.com\/en\/product\/cingirakli-soft-top\/\" title=\"\u00c7\u0131ng\u0131rakl\u0131 Soft Top\"><\/a>\n\t<\/div>\n\t<div class=\"mkdf-pli-text-wrapper\" >\n\t\t    <h5 itemprop=\"name\" class=\"entry-title mkdf-pli-title\" >\n\t\t<a itemprop=\"url\" href=\"https:\/\/venusoyuncak.com\/en\/product\/cingirakli-soft-top\/\">\u00c7\u0131ng\u0131rakl\u0131 Soft Top<\/a>\n\t<\/h5>\n\t\t\n\t\t\t\t\t\t\n\t\t\t\t\t\n\t\t\t<\/div>\n<\/div><div class=\"mkdf-pli mkdf-item-space\">\n\t<div class=\"mkdf-pli-inner\">\n\t\t<div class=\"mkdf-pli-image\">\n\t\t\t\n<img width=\"600\" height=\"600\" src=\"https:\/\/venusoyuncak.com\/wp-content\/uploads\/2018\/08\/rock-truck-01-600x600.jpg\" class=\"attachment-woocommerce_single size-woocommerce_single wp-post-image\" alt=\"\" loading=\"lazy\" srcset=\"https:\/\/venusoyuncak.com\/wp-content\/uploads\/2018\/08\/rock-truck-01-600x600.jpg 600w, https:\/\/venusoyuncak.com\/wp-content\/uploads\/2018\/08\/rock-truck-01-150x150.jpg 150w, https:\/\/venusoyuncak.com\/wp-content\/uploads\/2018\/08\/rock-truck-01-420x420.jpg 420w, https:\/\/venusoyuncak.com\/wp-content\/uploads\/2018\/08\/rock-truck-01-768x768.jpg 768w, https:\/\/venusoyuncak.com\/wp-content\/uploads\/2018\/08\/rock-truck-01-650x650.jpg 650w, https:\/\/venusoyuncak.com\/wp-content\/uploads\/2018\/08\/rock-truck-01-300x300.jpg 300w, https:\/\/venusoyuncak.com\/wp-content\/uploads\/2018\/08\/rock-truck-01-100x100.jpg 100w, https:\/\/venusoyuncak.com\/wp-content\/uploads\/2018\/08\/rock-truck-01.jpg 830w\" sizes=\"(max-width: 600px) 100vw, 600px\" \/>\t\t<\/div>\n\t\t<div class=\"mkdf-pli-text mkdf-pli-hover-overlay\" >\n\t\t\t<div class=\"mkdf-pli-text-outer\">\n\t\t\t\t<div class=\"mkdf-pli-text-inner\">\n\t\t\t\t\t\t\n\t<div class=\"mkdf-pli-add-to-cart mkdf-default-skin\">\n\t\t<a rel=\"nofollow\" href=\"https:\/\/venusoyuncak.com\/en\/product\/rock-truck\/\" data-quantity=\"1\" data-product_id=\"3327\" data-product_sku=\"\" class=\"button add_to_cart_button ajax_add_to_cart mkdf-button mkdf-pl-btn mkdf-btn mkdf-btn-solid\" data-no-translation=\"\" data-trp-gettext=\"\">Read more<\/a>\n\t<\/div>\n\t\t\t\t\t<div class=\"mkdf-quickwish-holder\"><\/div>\t\t\t\t<\/div>\n\t\t\t<\/div>\n\t\t<\/div>\n\t\t<a class=\"mkdf-pli-link\" itemprop=\"url\" href=\"https:\/\/venusoyuncak.com\/en\/product\/rock-truck\/\" title=\"Rock Truck\"><\/a>\n\t<\/div>\n\t<div class=\"mkdf-pli-text-wrapper\" >\n\t\t    <h5 itemprop=\"name\" class=\"entry-title mkdf-pli-title\" >\n\t\t<a itemprop=\"url\" href=\"https:\/\/venusoyuncak.com\/en\/product\/rock-truck\/\">Rock Truck<\/a>\n\t<\/h5>\n\t\t\n\t\t\t\t\t\t\n\t\t\t\t\t\n\t\t\t<\/div>\n<\/div><div class=\"mkdf-pli mkdf-item-space\">\n\t<div class=\"mkdf-pli-inner\">\n\t\t<div class=\"mkdf-pli-image\">\n\t\t\t\n<img width=\"600\" height=\"600\" src=\"https:\/\/venusoyuncak.com\/wp-content\/uploads\/2018\/08\/sallanan_at-600x600.jpg\" class=\"attachment-woocommerce_single size-woocommerce_single wp-post-image\" alt=\"\" loading=\"lazy\" srcset=\"https:\/\/venusoyuncak.com\/wp-content\/uploads\/2018\/08\/sallanan_at-600x600.jpg 600w, https:\/\/venusoyuncak.com\/wp-content\/uploads\/2018\/08\/sallanan_at-150x150.jpg 150w, https:\/\/venusoyuncak.com\/wp-content\/uploads\/2018\/08\/sallanan_at-420x420.jpg 420w, https:\/\/venusoyuncak.com\/wp-content\/uploads\/2018\/08\/sallanan_at-768x768.jpg 768w, https:\/\/venusoyuncak.com\/wp-content\/uploads\/2018\/08\/sallanan_at-650x650.jpg 650w, https:\/\/venusoyuncak.com\/wp-content\/uploads\/2018\/08\/sallanan_at-300x300.jpg 300w, https:\/\/venusoyuncak.com\/wp-content\/uploads\/2018\/08\/sallanan_at-100x100.jpg 100w, https:\/\/venusoyuncak.com\/wp-content\/uploads\/2018\/08\/sallanan_at.jpg 830w\" sizes=\"(max-width: 600px) 100vw, 600px\" \/>\t\t<\/div>\n\t\t<div class=\"mkdf-pli-text mkdf-pli-hover-overlay\" >\n\t\t\t<div class=\"mkdf-pli-text-outer\">\n\t\t\t\t<div class=\"mkdf-pli-text-inner\">\n\t\t\t\t\t\t\n\t<div class=\"mkdf-pli-add-to-cart mkdf-default-skin\">\n\t\t<a rel=\"nofollow\" href=\"https:\/\/venusoyuncak.com\/en\/product\/sallanan-at\/\" data-quantity=\"1\" data-product_id=\"3305\" data-product_sku=\"\" class=\"button add_to_cart_button ajax_add_to_cart mkdf-button mkdf-pl-btn mkdf-btn mkdf-btn-solid\" data-no-translation=\"\" data-trp-gettext=\"\">Read more<\/a>\n\t<\/div>\n\t\t\t\t\t<div class=\"mkdf-quickwish-holder\"><\/div>\t\t\t\t<\/div>\n\t\t\t<\/div>\n\t\t<\/div>\n\t\t<a class=\"mkdf-pli-link\" itemprop=\"url\" href=\"https:\/\/venusoyuncak.com\/en\/product\/sallanan-at\/\" title=\"Sallanan At\"><\/a>\n\t<\/div>\n\t<div class=\"mkdf-pli-text-wrapper\" >\n\t\t    <h5 itemprop=\"name\" class=\"entry-title mkdf-pli-title\" >\n\t\t<a itemprop=\"url\" href=\"https:\/\/venusoyuncak.com\/en\/product\/sallanan-at\/\">Sallanan At<\/a>\n\t<\/h5>\n\t\t\n\t\t\t\t\t\t\n\t\t\t\t\t\n\t\t\t<\/div>\n<\/div><div class=\"mkdf-pli mkdf-item-space\">\n\t<div class=\"mkdf-pli-inner\">\n\t\t<div class=\"mkdf-pli-image\">\n\t\t\t\n<img width=\"600\" height=\"600\" src=\"https:\/\/venusoyuncak.com\/wp-content\/uploads\/2019\/09\/strike-bowling-01-600x600.jpg\" class=\"attachment-woocommerce_single size-woocommerce_single wp-post-image\" alt=\"\" loading=\"lazy\" srcset=\"https:\/\/venusoyuncak.com\/wp-content\/uploads\/2019\/09\/strike-bowling-01-600x600.jpg 600w, https:\/\/venusoyuncak.com\/wp-content\/uploads\/2019\/09\/strike-bowling-01-150x150.jpg 150w, https:\/\/venusoyuncak.com\/wp-content\/uploads\/2019\/09\/strike-bowling-01-420x420.jpg 420w, https:\/\/venusoyuncak.com\/wp-content\/uploads\/2019\/09\/strike-bowling-01-768x768.jpg 768w, https:\/\/venusoyuncak.com\/wp-content\/uploads\/2019\/09\/strike-bowling-01-650x650.jpg 650w, https:\/\/venusoyuncak.com\/wp-content\/uploads\/2019\/09\/strike-bowling-01-300x300.jpg 300w, https:\/\/venusoyuncak.com\/wp-content\/uploads\/2019\/09\/strike-bowling-01-100x100.jpg 100w, https:\/\/venusoyuncak.com\/wp-content\/uploads\/2019\/09\/strike-bowling-01.jpg 830w\" sizes=\"(max-width: 600px) 100vw, 600px\" \/>\t\t<\/div>\n\t\t<div class=\"mkdf-pli-text mkdf-pli-hover-overlay\" >\n\t\t\t<div class=\"mkdf-pli-text-outer\">\n\t\t\t\t<div class=\"mkdf-pli-text-inner\">\n\t\t\t\t\t\t\n\t<div class=\"mkdf-pli-add-to-cart mkdf-default-skin\">\n\t\t<a rel=\"nofollow\" href=\"https:\/\/venusoyuncak.com\/en\/product\/strike-bowling\/\" data-quantity=\"1\" data-product_id=\"3315\" data-product_sku=\"\" class=\"button add_to_cart_button ajax_add_to_cart mkdf-button mkdf-pl-btn mkdf-btn mkdf-btn-solid\" data-no-translation=\"\" data-trp-gettext=\"\">Read more<\/a>\n\t<\/div>\n\t\t\t\t\t<div class=\"mkdf-quickwish-holder\"><\/div>\t\t\t\t<\/div>\n\t\t\t<\/div>\n\t\t<\/div>\n\t\t<a class=\"mkdf-pli-link\" itemprop=\"url\" href=\"https:\/\/venusoyuncak.com\/en\/product\/strike-bowling\/\" title=\"Strike Bowling\"><\/a>\n\t<\/div>\n\t<div class=\"mkdf-pli-text-wrapper\" >\n\t\t    <h5 itemprop=\"name\" class=\"entry-title mkdf-pli-title\" >\n\t\t<a itemprop=\"url\" href=\"https:\/\/venusoyuncak.com\/en\/product\/strike-bowling\/\">Strike Bowling<\/a>\n\t<\/h5>\n\t\t\n\t\t\t\t\t\t\n\t\t\t\t\t\n\t\t\t<\/div>\n<\/div><div class=\"mkdf-pli mkdf-item-space\">\n\t<div class=\"mkdf-pli-inner\">\n\t\t<div class=\"mkdf-pli-image\">\n\t\t\t\n<img width=\"600\" height=\"600\" src=\"https:\/\/venusoyuncak.com\/wp-content\/uploads\/2018\/08\/mini-basketbol-set-600x600.jpg\" class=\"attachment-woocommerce_single size-woocommerce_single wp-post-image\" alt=\"\" loading=\"lazy\" srcset=\"https:\/\/venusoyuncak.com\/wp-content\/uploads\/2018\/08\/mini-basketbol-set-600x600.jpg 600w, https:\/\/venusoyuncak.com\/wp-content\/uploads\/2018\/08\/mini-basketbol-set-150x150.jpg 150w, https:\/\/venusoyuncak.com\/wp-content\/uploads\/2018\/08\/mini-basketbol-set-420x420.jpg 420w, https:\/\/venusoyuncak.com\/wp-content\/uploads\/2018\/08\/mini-basketbol-set-768x768.jpg 768w, https:\/\/venusoyuncak.com\/wp-content\/uploads\/2018\/08\/mini-basketbol-set-650x650.jpg 650w, https:\/\/venusoyuncak.com\/wp-content\/uploads\/2018\/08\/mini-basketbol-set-300x300.jpg 300w, https:\/\/venusoyuncak.com\/wp-content\/uploads\/2018\/08\/mini-basketbol-set-100x100.jpg 100w, https:\/\/venusoyuncak.com\/wp-content\/uploads\/2018\/08\/mini-basketbol-set.jpg 830w\" sizes=\"(max-width: 600px) 100vw, 600px\" \/>\t\t<\/div>\n\t\t<div class=\"mkdf-pli-text mkdf-pli-hover-overlay\" >\n\t\t\t<div class=\"mkdf-pli-text-outer\">\n\t\t\t\t<div class=\"mkdf-pli-text-inner\">\n\t\t\t\t\t\t\n\t<div class=\"mkdf-pli-add-to-cart mkdf-default-skin\">\n\t\t<a rel=\"nofollow\" href=\"https:\/\/venusoyuncak.com\/en\/product\/mini-basketbol-set\/\" data-quantity=\"1\" data-product_id=\"3332\" data-product_sku=\"\" class=\"button add_to_cart_button ajax_add_to_cart mkdf-button mkdf-pl-btn mkdf-btn mkdf-btn-solid\" data-no-translation=\"\" data-trp-gettext=\"\">Read more<\/a>\n\t<\/div>\n\t\t\t\t\t<div class=\"mkdf-quickwish-holder\"><\/div>\t\t\t\t<\/div>\n\t\t\t<\/div>\n\t\t<\/div>\n\t\t<a class=\"mkdf-pli-link\" itemprop=\"url\" href=\"https:\/\/venusoyuncak.com\/en\/product\/mini-basketbol-set\/\" title=\"Mini Basketbol Set\"><\/a>\n\t<\/div>\n\t<div class=\"mkdf-pli-text-wrapper\" >\n\t\t    <h5 itemprop=\"name\" class=\"entry-title mkdf-pli-title\" >\n\t\t<a itemprop=\"url\" href=\"https:\/\/venusoyuncak.com\/en\/product\/mini-basketbol-set\/\">Mini Basketbol Set<\/a>\n\t<\/h5>\n\t\t\n\t\t\t\t\t\t\n\t\t\t\t\t\n\t\t\t<\/div>\n<\/div>        <\/div>\n    <\/div><\/div><\/div><\/div><\/div><\/div><\/div>","protected":false},"excerpt":{"rendered":"","protected":false},"author":1,"featured_media":0,"parent":2296,"menu_order":0,"comment_status":"closed","ping_status":"closed","template":"","meta":[],"_links":{"self":[{"href":"https:\/\/venusoyuncak.com\/en\/wp-json\/wp\/v2\/pages\/3443"}],"collection":[{"href":"https:\/\/venusoyuncak.com\/en\/wp-json\/wp\/v2\/pages"}],"about":[{"href":"https:\/\/venusoyuncak.com\/en\/wp-json\/wp\/v2\/types\/page"}],"author":[{"embeddable":true,"href":"https:\/\/venusoyuncak.com\/en\/wp-json\/wp\/v2\/users\/1"}],"replies":[{"embeddable":true,"href":"https:\/\/venusoyuncak.com\/en\/wp-json\/wp\/v2\/comments?post=3443"}],"version-history":[{"count":6,"href":"https:\/\/venusoyuncak.com\/en\/wp-json\/wp\/v2\/pages\/3443\/revisions"}],"predecessor-version":[{"id":3664,"href":"https:\/\/venusoyuncak.com\/en\/wp-json\/wp\/v2\/pages\/3443\/revisions\/3664"}],"up":[{"embeddable":true,"href":"https:\/\/venusoyuncak.com\/en\/wp-json\/wp\/v2\/pages\/2296"}],"wp:attachment":[{"href":"https:\/\/venusoyuncak.com\/en\/wp-json\/wp\/v2\/media?parent=3443"}],"curies":[{"name":"wp","href":"https:\/\/api.w.org\/{rel}","templated":true}]}}