{"id":3465,"date":"2018-08-28T19:36:08","date_gmt":"2018-08-28T16:36:08","guid":{"rendered":"http:\/\/venusoyuncak.com\/?page_id=3465"},"modified":"2019-09-19T17:05:31","modified_gmt":"2019-09-19T14:05:31","slug":"bizden-haberler","status":"publish","type":"page","link":"https:\/\/venusoyuncak.com\/en\/kurumsal\/bizden-haberler\/","title":{"rendered":"News from Us"},"content":{"rendered":"<div class=\"vc_row wpb_row vc_row-fluid\" ><div class=\"wpb_column vc_column_container vc_col-sm-12\"><div class=\"vc_column-inner\"><div class=\"wpb_wrapper\"><div class=\"mkdf-blog-list-holder mkdf-bl-standard mkdf-bl-three-columns mkdf-normal-space mkdf-bl-pag-no-pagination   mkdf-bl-date-on-image\"  data-type=\"standard\" data-number-of-posts=\"3\" data-number-of-columns=\"3\" data-space-between-items=\"normal\" data-category=\"bizden-haberler\" data-orderby=\"date\" data-order=\"DESC\" data-image-size=\"full\" data-title-tag=\"h5\" data-excerpt-length=\"13\" data-post-info-section=\"yes\" data-post-info-image=\"yes\" data-post-info-image-zoom=\"no\" data-post-info-image-shader=\"no\" data-post-info-author=\"no\" data-post-info-date-position=\"on-image\" data-post-read-more=\"yes\" data-post-info-date=\"yes\" data-post-info-category=\"no\" data-post-info-comments=\"no\" data-post-info-like=\"no\" data-post-info-share=\"no\" data-pagination-type=\"no-pagination\" data-max-num-pages=\"1\" data-next-page=\"2\">\n\t<div class=\"mkdf-bl-wrapper mkdf-outer-space\">\n\t\t<ul class=\"mkdf-blog-list\">\n\t\t\t<li class=\"mkdf-bl-item mkdf-item-space clearfix\">\n\t<div class=\"mkdf-bli-inner\">\n        <div class=\"mkdf-bli-image-holder\">\n            \n\t<div class=\"mkdf-post-image\">\n\t\t\t\t\t<a itemprop=\"url\" href=\"https:\/\/venusoyuncak.com\/en\/bizi-sosyal-medyada-takip-edin\/\" title=\"Follow Us on Social Media!\">\n\t\t\t\t\t<img width=\"1200\" height=\"600\" src=\"https:\/\/venusoyuncak.com\/wp-content\/uploads\/2018\/08\/bizi-sosyal-medyada-takip-edin-image.jpg\" class=\"attachment-full size-full wp-post-image\" alt=\"\" loading=\"lazy\" srcset=\"https:\/\/venusoyuncak.com\/wp-content\/uploads\/2018\/08\/bizi-sosyal-medyada-takip-edin-image.jpg 1200w, https:\/\/venusoyuncak.com\/wp-content\/uploads\/2018\/08\/bizi-sosyal-medyada-takip-edin-image-150x75.jpg 150w, https:\/\/venusoyuncak.com\/wp-content\/uploads\/2018\/08\/bizi-sosyal-medyada-takip-edin-image-420x210.jpg 420w, https:\/\/venusoyuncak.com\/wp-content\/uploads\/2018\/08\/bizi-sosyal-medyada-takip-edin-image-768x384.jpg 768w, https:\/\/venusoyuncak.com\/wp-content\/uploads\/2018\/08\/bizi-sosyal-medyada-takip-edin-image-1024x512.jpg 1024w, https:\/\/venusoyuncak.com\/wp-content\/uploads\/2018\/08\/bizi-sosyal-medyada-takip-edin-image-600x300.jpg 600w\" sizes=\"(max-width: 1200px) 100vw, 1200px\" \/>\t\t\t\t\t<\/a>\n\t\t\t\t\t<\/div>\n\t\t\t<div itemprop=\"dateCreated\" class=\"mkdf-post-info-date entry-date published updated\">\n            <a itemprop=\"url\" href=\"https:\/\/venusoyuncak.com\/en\/2018\/08\/\">\n    \n        28 August 2018        <\/a>\n    <meta itemprop=\"interactionCount\" content=\"UserComments: 0\"\/>\n<\/div>        <\/div>\n        <div class=\"mkdf-bli-content\">\n            \t\n\t        \n<h5 itemprop=\"name\" class=\"entry-title mkdf-post-title\" >\n            <a itemprop=\"url\" href=\"https:\/\/venusoyuncak.com\/en\/bizi-sosyal-medyada-takip-edin\/\" title=\"Follow Us on Social Media!\">\n            Follow Us on Social Media!            <\/a>\n    <\/h5>\t\n\t        <div class=\"mkdf-bli-excerpt\">\n\t\t                <div class=\"mkdf-post-excerpt-holder\">\n            <p itemprop=\"description\" class=\"mkdf-post-excerpt\">\n\t\t\t\t\r\n\r\n\r\nWe maintain our active presence on social media via our Facebook, Twitter and Instagram accounts. You can follow us via our Facebook account.            <\/p>\n        <\/div>\n\t                \t\t        \t<div class=\"mkdf-post-read-more-button\">\n\t\t<a itemprop=\"url\" href=\"https:\/\/venusoyuncak.com\/en\/bizi-sosyal-medyada-takip-edin\/\" target=\"_self\"  class=\"mkdf-btn mkdf-btn-medium mkdf-btn-simple mkdf-btn-underline mkdf-blog-list-button\"  >    <span class=\"mkdf-btn-text\">Read More<\/span>    <\/a>\t<\/div>\n\t        <\/div>\n        <\/div>\n\t<\/div>\n<\/li><li class=\"mkdf-bl-item mkdf-item-space clearfix\">\n\t<div class=\"mkdf-bli-inner\">\n        <div class=\"mkdf-bli-image-holder\">\n            \n\t<div class=\"mkdf-post-image\">\n\t\t\t\t\t<a itemprop=\"url\" href=\"https:\/\/venusoyuncak.com\/en\/web-sitemiz-yenilendi\/\" title=\"Our WebSite Has Been Renovated!\">\n\t\t\t\t\t<img width=\"1200\" height=\"600\" src=\"https:\/\/venusoyuncak.com\/wp-content\/uploads\/2018\/08\/web-sitemiz-yenilendi-image.jpg\" class=\"attachment-full size-full wp-post-image\" alt=\"\" loading=\"lazy\" srcset=\"https:\/\/venusoyuncak.com\/wp-content\/uploads\/2018\/08\/web-sitemiz-yenilendi-image.jpg 1200w, https:\/\/venusoyuncak.com\/wp-content\/uploads\/2018\/08\/web-sitemiz-yenilendi-image-150x75.jpg 150w, https:\/\/venusoyuncak.com\/wp-content\/uploads\/2018\/08\/web-sitemiz-yenilendi-image-420x210.jpg 420w, https:\/\/venusoyuncak.com\/wp-content\/uploads\/2018\/08\/web-sitemiz-yenilendi-image-768x384.jpg 768w, https:\/\/venusoyuncak.com\/wp-content\/uploads\/2018\/08\/web-sitemiz-yenilendi-image-1024x512.jpg 1024w, https:\/\/venusoyuncak.com\/wp-content\/uploads\/2018\/08\/web-sitemiz-yenilendi-image-600x300.jpg 600w\" sizes=\"(max-width: 1200px) 100vw, 1200px\" \/>\t\t\t\t\t<\/a>\n\t\t\t\t\t<\/div>\n\t\t\t<div itemprop=\"dateCreated\" class=\"mkdf-post-info-date entry-date published updated\">\n            <a itemprop=\"url\" href=\"https:\/\/venusoyuncak.com\/en\/2018\/08\/\">\n    \n        28 August 2018        <\/a>\n    <meta itemprop=\"interactionCount\" content=\"UserComments: 0\"\/>\n<\/div>        <\/div>\n        <div class=\"mkdf-bli-content\">\n            \t\n\t        \n<h5 itemprop=\"name\" class=\"entry-title mkdf-post-title\" >\n            <a itemprop=\"url\" href=\"https:\/\/venusoyuncak.com\/en\/web-sitemiz-yenilendi\/\" title=\"Our WebSite Has Been Renovated!\">\n            Our WebSite Has Been Renovated!            <\/a>\n    <\/h5>\t\n\t        <div class=\"mkdf-bli-excerpt\">\n\t\t                <div class=\"mkdf-post-excerpt-holder\">\n            <p itemprop=\"description\" class=\"mkdf-post-excerpt\">\n\t\t\t\tWe have renovated the web page of<br>Ven\u00fcs Oyuncak to provide better service to our valued customers.            <\/p>\n        <\/div>\n\t                \t\t        \t<div class=\"mkdf-post-read-more-button\">\n\t\t<a itemprop=\"url\" href=\"https:\/\/venusoyuncak.com\/en\/web-sitemiz-yenilendi\/\" target=\"_self\"  class=\"mkdf-btn mkdf-btn-medium mkdf-btn-simple mkdf-btn-underline mkdf-blog-list-button\"  >    <span class=\"mkdf-btn-text\">Read More<\/span>    <\/a>\t<\/div>\n\t        <\/div>\n        <\/div>\n\t<\/div>\n<\/li><li class=\"mkdf-bl-item mkdf-item-space clearfix\">\n\t<div class=\"mkdf-bli-inner\">\n        <div class=\"mkdf-bli-image-holder\">\n            \n\t<div class=\"mkdf-post-image\">\n\t\t\t\t\t<a itemprop=\"url\" href=\"https:\/\/venusoyuncak.com\/en\/kids-turkey-2017\/\" title=\"Kids Turkey 2017\">\n\t\t\t\t\t<img width=\"1200\" height=\"600\" src=\"https:\/\/venusoyuncak.com\/wp-content\/uploads\/2018\/12\/kids-turkey-2017-image.jpg\" class=\"attachment-full size-full wp-post-image\" alt=\"\" loading=\"lazy\" srcset=\"https:\/\/venusoyuncak.com\/wp-content\/uploads\/2018\/12\/kids-turkey-2017-image.jpg 1200w, https:\/\/venusoyuncak.com\/wp-content\/uploads\/2018\/12\/kids-turkey-2017-image-150x75.jpg 150w, https:\/\/venusoyuncak.com\/wp-content\/uploads\/2018\/12\/kids-turkey-2017-image-420x210.jpg 420w, https:\/\/venusoyuncak.com\/wp-content\/uploads\/2018\/12\/kids-turkey-2017-image-768x384.jpg 768w, https:\/\/venusoyuncak.com\/wp-content\/uploads\/2018\/12\/kids-turkey-2017-image-1024x512.jpg 1024w, https:\/\/venusoyuncak.com\/wp-content\/uploads\/2018\/12\/kids-turkey-2017-image-600x300.jpg 600w\" sizes=\"(max-width: 1200px) 100vw, 1200px\" \/>\t\t\t\t\t<\/a>\n\t\t\t\t\t<\/div>\n\t\t\t<div itemprop=\"dateCreated\" class=\"mkdf-post-info-date entry-date published updated\">\n            <a itemprop=\"url\" href=\"https:\/\/venusoyuncak.com\/en\/2017\/10\/\">\n    \n        25 October 2017        <\/a>\n    <meta itemprop=\"interactionCount\" content=\"UserComments: 0\"\/>\n<\/div>        <\/div>\n        <div class=\"mkdf-bli-content\">\n            \t\n\t        \n<h5 itemprop=\"name\" class=\"entry-title mkdf-post-title\" >\n            <a itemprop=\"url\" href=\"https:\/\/venusoyuncak.com\/en\/kids-turkey-2017\/\" title=\"Kids Turkey 2017\">\n            Kids Turkey 2017            <\/a>\n    <\/h5>\t\n\t        <div class=\"mkdf-bli-excerpt\">\n\t\t                <div class=\"mkdf-post-excerpt-holder\">\n            <p itemprop=\"description\" class=\"mkdf-post-excerpt\">\n\t\t\t\tWe will be in the Kids Turkey 2017 fair which is the most prestigious fairs of the toy industry held every year in Turkey.            <\/p>\n        <\/div>\n\t                \t\t        \t<div class=\"mkdf-post-read-more-button\">\n\t\t<a itemprop=\"url\" href=\"https:\/\/venusoyuncak.com\/en\/kids-turkey-2017\/\" target=\"_self\"  class=\"mkdf-btn mkdf-btn-medium mkdf-btn-simple mkdf-btn-underline mkdf-blog-list-button\"  >    <span class=\"mkdf-btn-text\">Read More<\/span>    <\/a>\t<\/div>\n\t        <\/div>\n        <\/div>\n\t<\/div>\n<\/li>\t\t<\/ul>\n\t<\/div>\n\t<\/div><\/div><\/div><\/div><\/div>","protected":false},"excerpt":{"rendered":"T\u00fcrkiye'de her y\u0131l d\u00fczenlenen, oyuncak sekt\u00f6r\u00fcn\u00fcn en prestijli fuar\u0131 olan Kids Turkey 2017 fuar\u0131nda biz de yerimizi ald\u0131k.","protected":false},"author":1,"featured_media":0,"parent":3348,"menu_order":0,"comment_status":"closed","ping_status":"closed","template":"","meta":[],"_links":{"self":[{"href":"https:\/\/venusoyuncak.com\/en\/wp-json\/wp\/v2\/pages\/3465"}],"collection":[{"href":"https:\/\/venusoyuncak.com\/en\/wp-json\/wp\/v2\/pages"}],"about":[{"href":"https:\/\/venusoyuncak.com\/en\/wp-json\/wp\/v2\/types\/page"}],"author":[{"embeddable":true,"href":"https:\/\/venusoyuncak.com\/en\/wp-json\/wp\/v2\/users\/1"}],"replies":[{"embeddable":true,"href":"https:\/\/venusoyuncak.com\/en\/wp-json\/wp\/v2\/comments?post=3465"}],"version-history":[{"count":10,"href":"https:\/\/venusoyuncak.com\/en\/wp-json\/wp\/v2\/pages\/3465\/revisions"}],"predecessor-version":[{"id":3610,"href":"https:\/\/venusoyuncak.com\/en\/wp-json\/wp\/v2\/pages\/3465\/revisions\/3610"}],"up":[{"embeddable":true,"href":"https:\/\/venusoyuncak.com\/en\/wp-json\/wp\/v2\/pages\/3348"}],"wp:attachment":[{"href":"https:\/\/venusoyuncak.com\/en\/wp-json\/wp\/v2\/media?parent=3465"}],"curies":[{"name":"wp","href":"https:\/\/api.w.org\/{rel}","templated":true}]}}