{"id":3490,"date":"2018-10-31T14:38:10","date_gmt":"2018-10-31T11:38:10","guid":{"rendered":"http:\/\/venusoyuncak.com\/?page_id=3490"},"modified":"2018-10-31T14:55:13","modified_gmt":"2018-10-31T11:55:13","slug":"vizyon-misyon","status":"publish","type":"page","link":"https:\/\/venusoyuncak.com\/en\/kurumsal\/vizyon-misyon\/","title":{"rendered":"Vision &amp; Mission"},"content":{"rendered":"<div class=\"mkdf-row-grid-section-wrapper\"  ><div class=\"mkdf-row-grid-section\"><div class=\"vc_row wpb_row vc_row-fluid\" ><div class=\"wpb_column vc_column_container vc_col-sm-12\"><div class=\"vc_column-inner\"><div class=\"wpb_wrapper\"><blockquote class=\"mkdf-blockquote-shortcode\" >\n\t<div class=\"mkdf-icon-quotations-holder\">\n        <svg xmlns=\"http:\/\/www.w3.org\/2000\/svg\" xmlns:xlink=\"http:\/\/www.w3.org\/1999\/xlink\" x=\"0px\" y=\"0px\" width=\"167.5px\" height=\"146.5px\" viewbox=\"0 0 167.5 146.5\" enable-background=\"new 0 0 167.5 146.5\" xml:space=\"preserve\">\n                            <path fill=\"#F16F95\" d=\"M34.558,46.648c0,0-23.75,38.75,21.75,87.5c0,0,1.5,6.225-5,4.25c0,0-57.75-49.75-35-109\tc0,0,12.25-29.398,40.714-21.25c0,0,28.286,11.102,15.036,37.5C72.058,45.648,58.308,66.5,34.558,46.648z\"><\/path>\n            <path fill=\"#F16F95\" d=\"M118.558,46.648c0,0-23.75,38.75,21.75,87.5c0,0,1.5,6.225-5,4.25c0,0-57.75-49.75-35-109\tc0,0,12.25-29.398,40.714-21.25c0,0,28.286,11.102,15.036,37.5C156.058,45.648,142.308,66.5,118.558,46.648z\"><\/path>\n                        <\/svg>\n\t<\/div>\n\t<p class=\"mkdf-blockquote-text\">\n\t\t<span>Our Vision<\/span>\n\t<\/p>\n<\/blockquote><div class=\"vc_empty_space\"   style=\"height: 10px\" ><span class=\"vc_empty_space_inner\"><\/span><\/div>\n\n\t<div class=\"wpb_text_column wpb_content_element\" >\n\t\t<div class=\"wpb_wrapper\">\n\t\t\t<p>Ven\u00fcs Oyuncak, aiming to take firm steps forward and protect its presence in the market of Turkey through the principle of consumer satisfaction, acquire a vision of being a confiding company by following the technological developments, putting emphasis on child health and producing the products in accordance with the quality standards.<\/p>\n\n\t\t<\/div>\n\t<\/div>\n<div class=\"vc_empty_space\"   style=\"height: 50px\" ><span class=\"vc_empty_space_inner\"><\/span><\/div>\n<blockquote class=\"mkdf-blockquote-shortcode\" >\n\t<div class=\"mkdf-icon-quotations-holder\">\n        <svg xmlns=\"http:\/\/www.w3.org\/2000\/svg\" xmlns:xlink=\"http:\/\/www.w3.org\/1999\/xlink\" x=\"0px\" y=\"0px\" width=\"167.5px\" height=\"146.5px\" viewbox=\"0 0 167.5 146.5\" enable-background=\"new 0 0 167.5 146.5\" xml:space=\"preserve\">\n                            <path fill=\"#F16F95\" d=\"M34.558,46.648c0,0-23.75,38.75,21.75,87.5c0,0,1.5,6.225-5,4.25c0,0-57.75-49.75-35-109\tc0,0,12.25-29.398,40.714-21.25c0,0,28.286,11.102,15.036,37.5C72.058,45.648,58.308,66.5,34.558,46.648z\"><\/path>\n            <path fill=\"#F16F95\" d=\"M118.558,46.648c0,0-23.75,38.75,21.75,87.5c0,0,1.5,6.225-5,4.25c0,0-57.75-49.75-35-109\tc0,0,12.25-29.398,40.714-21.25c0,0,28.286,11.102,15.036,37.5C156.058,45.648,142.308,66.5,118.558,46.648z\"><\/path>\n                        <\/svg>\n\t<\/div>\n\t<p class=\"mkdf-blockquote-text\">\n\t\t<span>Our Mission<\/span>\n\t<\/p>\n<\/blockquote><div class=\"vc_empty_space\"   style=\"height: 10px\" ><span class=\"vc_empty_space_inner\"><\/span><\/div>\n\n\t<div class=\"wpb_text_column wpb_content_element\" >\n\t\t<div class=\"wpb_wrapper\">\n\t\t\t<p>Pursuing innovations and advancements in the sector, producing universal, top quality and standardized products, Ven\u00fcs Oyuncak, as its greatest ambition, would like to have international achievements as it has already gained in Turkey.<\/p>\n\n\t\t<\/div>\n\t<\/div>\n<\/div><\/div><\/div><\/div><\/div><\/div>","protected":false},"excerpt":{"rendered":"Vizyonumuz T\u00fcketici memnuniyeti ilkesi ile birlikte T\u00fcrkiye pazar\u0131ndaki yerini daima korumay\u0131 ve ileriye do\u011fru emin ad\u0131mlarla ilerlemeyi ama\u00e7 edinen Ven\u00fcs Oyuncak, teknolojik geli\u015fmeleri takip ederek, \u00e7ocuk sa\u011fl\u0131\u011f\u0131na \u00f6nem vererek ve kalite standartlar\u0131 do\u011frultusunda \u00fcr\u00fcnler \u00fcreterek, g\u00fcven duyulan bir firma olmay\u0131 [...]","protected":false},"author":1,"featured_media":0,"parent":3348,"menu_order":0,"comment_status":"closed","ping_status":"closed","template":"full-width.php","meta":[],"_links":{"self":[{"href":"https:\/\/venusoyuncak.com\/en\/wp-json\/wp\/v2\/pages\/3490"}],"collection":[{"href":"https:\/\/venusoyuncak.com\/en\/wp-json\/wp\/v2\/pages"}],"about":[{"href":"https:\/\/venusoyuncak.com\/en\/wp-json\/wp\/v2\/types\/page"}],"author":[{"embeddable":true,"href":"https:\/\/venusoyuncak.com\/en\/wp-json\/wp\/v2\/users\/1"}],"replies":[{"embeddable":true,"href":"https:\/\/venusoyuncak.com\/en\/wp-json\/wp\/v2\/comments?post=3490"}],"version-history":[{"count":4,"href":"https:\/\/venusoyuncak.com\/en\/wp-json\/wp\/v2\/pages\/3490\/revisions"}],"predecessor-version":[{"id":3497,"href":"https:\/\/venusoyuncak.com\/en\/wp-json\/wp\/v2\/pages\/3490\/revisions\/3497"}],"up":[{"embeddable":true,"href":"https:\/\/venusoyuncak.com\/en\/wp-json\/wp\/v2\/pages\/3348"}],"wp:attachment":[{"href":"https:\/\/venusoyuncak.com\/en\/wp-json\/wp\/v2\/media?parent=3490"}],"curies":[{"name":"wp","href":"https:\/\/api.w.org\/{rel}","templated":true}]}}