{"id":3607,"date":"2019-09-19T17:02:43","date_gmt":"2019-09-19T14:02:43","guid":{"rendered":"https:\/\/venusoyuncak.com\/?page_id=3607"},"modified":"2019-09-19T17:06:09","modified_gmt":"2019-09-19T14:06:09","slug":"egitici-bilgiler","status":"publish","type":"page","link":"https:\/\/venusoyuncak.com\/en\/kurumsal\/egitici-bilgiler\/","title":{"rendered":"E\u011fitici Bilgiler"},"content":{"rendered":"<div class=\"vc_row wpb_row vc_row-fluid\" ><div class=\"wpb_column vc_column_container vc_col-sm-12\"><div class=\"vc_column-inner\"><div class=\"wpb_wrapper\"><div class=\"mkdf-blog-list-holder mkdf-bl-standard mkdf-bl-three-columns mkdf-normal-space mkdf-bl-pag-no-pagination   mkdf-bl-date-on-image\"  data-type=\"standard\" data-number-of-posts=\"3\" data-number-of-columns=\"3\" data-space-between-items=\"normal\" data-category=\"egitici-bilgiler\" data-orderby=\"date\" data-order=\"DESC\" data-image-size=\"full\" data-title-tag=\"h5\" data-excerpt-length=\"13\" data-post-info-section=\"yes\" data-post-info-image=\"yes\" data-post-info-image-zoom=\"no\" data-post-info-image-shader=\"no\" data-post-info-author=\"no\" data-post-info-date-position=\"on-image\" data-post-read-more=\"yes\" data-post-info-date=\"yes\" data-post-info-category=\"no\" data-post-info-comments=\"no\" data-post-info-like=\"no\" data-post-info-share=\"no\" data-pagination-type=\"no-pagination\" data-max-num-pages=\"1\" data-next-page=\"2\">\n\t<div class=\"mkdf-bl-wrapper mkdf-outer-space\">\n\t\t<ul class=\"mkdf-blog-list\">\n\t\t\t<li class=\"mkdf-bl-item mkdf-item-space clearfix\">\n\t<div class=\"mkdf-bli-inner\">\n        <div class=\"mkdf-bli-image-holder\">\n            \n\t<div class=\"mkdf-post-image\">\n\t\t\t\t\t<a itemprop=\"url\" href=\"https:\/\/venusoyuncak.com\/en\/akil-ve-zeka-oyunlari-nelerdir\/\" title=\"Ak\u0131l ve Zeka Oyunlar\u0131 Nelerdir?\">\n\t\t\t\t\t<img width=\"1200\" height=\"600\" src=\"https:\/\/venusoyuncak.com\/wp-content\/uploads\/2019\/11\/akil-ve-zeka-oyunlari-nelerdir.jpg\" class=\"attachment-full size-full wp-post-image\" alt=\"\" loading=\"lazy\" srcset=\"https:\/\/venusoyuncak.com\/wp-content\/uploads\/2019\/11\/akil-ve-zeka-oyunlari-nelerdir.jpg 1200w, https:\/\/venusoyuncak.com\/wp-content\/uploads\/2019\/11\/akil-ve-zeka-oyunlari-nelerdir-150x75.jpg 150w, https:\/\/venusoyuncak.com\/wp-content\/uploads\/2019\/11\/akil-ve-zeka-oyunlari-nelerdir-420x210.jpg 420w, https:\/\/venusoyuncak.com\/wp-content\/uploads\/2019\/11\/akil-ve-zeka-oyunlari-nelerdir-768x384.jpg 768w, https:\/\/venusoyuncak.com\/wp-content\/uploads\/2019\/11\/akil-ve-zeka-oyunlari-nelerdir-1024x512.jpg 1024w, https:\/\/venusoyuncak.com\/wp-content\/uploads\/2019\/11\/akil-ve-zeka-oyunlari-nelerdir-600x300.jpg 600w\" sizes=\"(max-width: 1200px) 100vw, 1200px\" \/>\t\t\t\t\t<\/a>\n\t\t\t\t\t<\/div>\n\t\t\t<div itemprop=\"dateCreated\" class=\"mkdf-post-info-date entry-date published updated\">\n            <a itemprop=\"url\" href=\"https:\/\/venusoyuncak.com\/en\/2019\/11\/\">\n    \n        5 November 2019        <\/a>\n    <meta itemprop=\"interactionCount\" content=\"UserComments: 0\"\/>\n<\/div>        <\/div>\n        <div class=\"mkdf-bli-content\">\n            \t\n\t        \n<h5 itemprop=\"name\" class=\"entry-title mkdf-post-title\" >\n            <a itemprop=\"url\" href=\"https:\/\/venusoyuncak.com\/en\/akil-ve-zeka-oyunlari-nelerdir\/\" title=\"Ak\u0131l ve Zeka Oyunlar\u0131 Nelerdir?\">\n            Ak\u0131l ve Zeka Oyunlar\u0131 Nelerdir?            <\/a>\n    <\/h5>\t\n\t        <div class=\"mkdf-bli-excerpt\">\n\t\t                <div class=\"mkdf-post-excerpt-holder\">\n            <p itemprop=\"description\" class=\"mkdf-post-excerpt\">\n\t\t\t\tAk\u0131l Zeka Oyunlar\u0131 Tan\u0131m\u0131, Ak\u0131l ve zekan\u0131n soyut ve somut nesneler aras\u0131ndaki ili\u015fkileri            <\/p>\n        <\/div>\n\t                \t\t        \t<div class=\"mkdf-post-read-more-button\">\n\t\t<a itemprop=\"url\" href=\"https:\/\/venusoyuncak.com\/en\/akil-ve-zeka-oyunlari-nelerdir\/\" target=\"_self\"  class=\"mkdf-btn mkdf-btn-medium mkdf-btn-simple mkdf-btn-underline mkdf-blog-list-button\"  >    <span class=\"mkdf-btn-text\">Read More<\/span>    <\/a>\t<\/div>\n\t        <\/div>\n        <\/div>\n\t<\/div>\n<\/li><li class=\"mkdf-bl-item mkdf-item-space clearfix\">\n\t<div class=\"mkdf-bli-inner\">\n        <div class=\"mkdf-bli-image-holder\">\n            \n\t<div class=\"mkdf-post-image\">\n\t\t\t\t\t<a itemprop=\"url\" href=\"https:\/\/venusoyuncak.com\/en\/oyuncakta-ce-isareti-nedir\/\" title=\"Oyuncakta CE \u0130\u015fareti Nedir?\">\n\t\t\t\t\t<img width=\"1200\" height=\"600\" src=\"https:\/\/venusoyuncak.com\/wp-content\/uploads\/2019\/11\/oyuncaklara-iliskin-tavsiyeler-image.jpg\" class=\"attachment-full size-full wp-post-image\" alt=\"\" loading=\"lazy\" srcset=\"https:\/\/venusoyuncak.com\/wp-content\/uploads\/2019\/11\/oyuncaklara-iliskin-tavsiyeler-image.jpg 1200w, https:\/\/venusoyuncak.com\/wp-content\/uploads\/2019\/11\/oyuncaklara-iliskin-tavsiyeler-image-150x75.jpg 150w, https:\/\/venusoyuncak.com\/wp-content\/uploads\/2019\/11\/oyuncaklara-iliskin-tavsiyeler-image-420x210.jpg 420w, https:\/\/venusoyuncak.com\/wp-content\/uploads\/2019\/11\/oyuncaklara-iliskin-tavsiyeler-image-768x384.jpg 768w, https:\/\/venusoyuncak.com\/wp-content\/uploads\/2019\/11\/oyuncaklara-iliskin-tavsiyeler-image-1024x512.jpg 1024w, https:\/\/venusoyuncak.com\/wp-content\/uploads\/2019\/11\/oyuncaklara-iliskin-tavsiyeler-image-600x300.jpg 600w\" sizes=\"(max-width: 1200px) 100vw, 1200px\" \/>\t\t\t\t\t<\/a>\n\t\t\t\t\t<\/div>\n\t\t\t<div itemprop=\"dateCreated\" class=\"mkdf-post-info-date entry-date published updated\">\n            <a itemprop=\"url\" href=\"https:\/\/venusoyuncak.com\/en\/2019\/11\/\">\n    \n        5 November 2019        <\/a>\n    <meta itemprop=\"interactionCount\" content=\"UserComments: 0\"\/>\n<\/div>        <\/div>\n        <div class=\"mkdf-bli-content\">\n            \t\n\t        \n<h5 itemprop=\"name\" class=\"entry-title mkdf-post-title\" >\n            <a itemprop=\"url\" href=\"https:\/\/venusoyuncak.com\/en\/oyuncakta-ce-isareti-nedir\/\" title=\"Oyuncakta CE \u0130\u015fareti Nedir?\">\n            Oyuncakta CE \u0130\u015fareti Nedir?            <\/a>\n    <\/h5>\t\n\t        <div class=\"mkdf-bli-excerpt\">\n\t\t                <div class=\"mkdf-post-excerpt-holder\">\n            <p itemprop=\"description\" class=\"mkdf-post-excerpt\">\n\t\t\t\tBu i\u015faret oyuncak \u00fcreticisinin oyunca\u011f\u0131n AB'nin ve \u00fclkemizin g\u00fcvenlik ve standart konusundaki ortak            <\/p>\n        <\/div>\n\t                \t\t        \t<div class=\"mkdf-post-read-more-button\">\n\t\t<a itemprop=\"url\" href=\"https:\/\/venusoyuncak.com\/en\/oyuncakta-ce-isareti-nedir\/\" target=\"_self\"  class=\"mkdf-btn mkdf-btn-medium mkdf-btn-simple mkdf-btn-underline mkdf-blog-list-button\"  >    <span class=\"mkdf-btn-text\">Read More<\/span>    <\/a>\t<\/div>\n\t        <\/div>\n        <\/div>\n\t<\/div>\n<\/li><li class=\"mkdf-bl-item mkdf-item-space clearfix\">\n\t<div class=\"mkdf-bli-inner\">\n        <div class=\"mkdf-bli-image-holder\">\n            \n\t<div class=\"mkdf-post-image\">\n\t\t\t\t\t<a itemprop=\"url\" href=\"https:\/\/venusoyuncak.com\/en\/oyuncaklara-iliskin-tavsiyeler\/\" title=\"Oyuncaklara \u0130li\u015fkin Tavsiyeler\">\n\t\t\t\t\t<img width=\"1200\" height=\"600\" src=\"https:\/\/venusoyuncak.com\/wp-content\/uploads\/2019\/09\/oyuncaklara-iliskin-tavsiyeler.jpg\" class=\"attachment-full size-full wp-post-image\" alt=\"\" loading=\"lazy\" srcset=\"https:\/\/venusoyuncak.com\/wp-content\/uploads\/2019\/09\/oyuncaklara-iliskin-tavsiyeler.jpg 1200w, https:\/\/venusoyuncak.com\/wp-content\/uploads\/2019\/09\/oyuncaklara-iliskin-tavsiyeler-150x75.jpg 150w, https:\/\/venusoyuncak.com\/wp-content\/uploads\/2019\/09\/oyuncaklara-iliskin-tavsiyeler-420x210.jpg 420w, https:\/\/venusoyuncak.com\/wp-content\/uploads\/2019\/09\/oyuncaklara-iliskin-tavsiyeler-768x384.jpg 768w, https:\/\/venusoyuncak.com\/wp-content\/uploads\/2019\/09\/oyuncaklara-iliskin-tavsiyeler-1024x512.jpg 1024w, https:\/\/venusoyuncak.com\/wp-content\/uploads\/2019\/09\/oyuncaklara-iliskin-tavsiyeler-600x300.jpg 600w\" sizes=\"(max-width: 1200px) 100vw, 1200px\" \/>\t\t\t\t\t<\/a>\n\t\t\t\t\t<\/div>\n\t\t\t<div itemprop=\"dateCreated\" class=\"mkdf-post-info-date entry-date published updated\">\n            <a itemprop=\"url\" href=\"https:\/\/venusoyuncak.com\/en\/2019\/09\/\">\n    \n        19 September 2019        <\/a>\n    <meta itemprop=\"interactionCount\" content=\"UserComments: 0\"\/>\n<\/div>        <\/div>\n        <div class=\"mkdf-bli-content\">\n            \t\n\t        \n<h5 itemprop=\"name\" class=\"entry-title mkdf-post-title\" >\n            <a itemprop=\"url\" href=\"https:\/\/venusoyuncak.com\/en\/oyuncaklara-iliskin-tavsiyeler\/\" title=\"Oyuncaklara \u0130li\u015fkin Tavsiyeler\">\n            Oyuncaklara \u0130li\u015fkin Tavsiyeler            <\/a>\n    <\/h5>\t\n\t        <div class=\"mkdf-bli-excerpt\">\n\t\t                <div class=\"mkdf-post-excerpt-holder\">\n            <p itemprop=\"description\" class=\"mkdf-post-excerpt\">\n\t\t\t\t\u00c7ocuk, oyunca\u011f\u0131 rahatl\u0131kla tutabilmeli ve kavrayabilmeli.\r\n\r\n\u00c7ocu\u011fun el becerilerini, yarat\u0131c\u0131l\u0131\u011f\u0131n\u0131, d\u00fc\u015f\u00fcnce, haf\u0131za ve hayal            <\/p>\n        <\/div>\n\t                \t\t        \t<div class=\"mkdf-post-read-more-button\">\n\t\t<a itemprop=\"url\" href=\"https:\/\/venusoyuncak.com\/en\/oyuncaklara-iliskin-tavsiyeler\/\" target=\"_self\"  class=\"mkdf-btn mkdf-btn-medium mkdf-btn-simple mkdf-btn-underline mkdf-blog-list-button\"  >    <span class=\"mkdf-btn-text\">Read More<\/span>    <\/a>\t<\/div>\n\t        <\/div>\n        <\/div>\n\t<\/div>\n<\/li>\t\t<\/ul>\n\t<\/div>\n\t<\/div><\/div><\/div><\/div><\/div>","protected":false},"excerpt":{"rendered":"\u00c7ocuk, oyunca\u011f\u0131 rahatl\u0131kla tutabilmeli ve kavrayabilmeli. \u00c7ocu\u011fun el becerilerini, yarat\u0131c\u0131l\u0131\u011f\u0131n\u0131, d\u00fc\u015f\u00fcnce, haf\u0131za ve hayal g\u00fcc\u00fcn\u00fc destekleyici olmal\u0131. Oyuncak sa\u011flam olmal\u0131, kolayca temizlenebilmeli. Bebekler ve k\u00fc\u00e7\u00fck \u00e7ocuklar oyuncaklar\u0131n\u0131 payla\u015fmamal\u0131d\u0131r. K\u00fc\u00e7\u00fck \u00e7ocuklar genellikle oyuncaklar\u0131n\u0131 a\u011f\u0131zlar\u0131na g\u00f6t\u00fcr\u00fcrler. Bu sebeple oyuncaklar bir ba\u015fka \u00e7ocuk [...]","protected":false},"author":1,"featured_media":0,"parent":3348,"menu_order":0,"comment_status":"closed","ping_status":"closed","template":"","meta":[],"_links":{"self":[{"href":"https:\/\/venusoyuncak.com\/en\/wp-json\/wp\/v2\/pages\/3607"}],"collection":[{"href":"https:\/\/venusoyuncak.com\/en\/wp-json\/wp\/v2\/pages"}],"about":[{"href":"https:\/\/venusoyuncak.com\/en\/wp-json\/wp\/v2\/types\/page"}],"author":[{"embeddable":true,"href":"https:\/\/venusoyuncak.com\/en\/wp-json\/wp\/v2\/users\/1"}],"replies":[{"embeddable":true,"href":"https:\/\/venusoyuncak.com\/en\/wp-json\/wp\/v2\/comments?post=3607"}],"version-history":[{"count":2,"href":"https:\/\/venusoyuncak.com\/en\/wp-json\/wp\/v2\/pages\/3607\/revisions"}],"predecessor-version":[{"id":3609,"href":"https:\/\/venusoyuncak.com\/en\/wp-json\/wp\/v2\/pages\/3607\/revisions\/3609"}],"up":[{"embeddable":true,"href":"https:\/\/venusoyuncak.com\/en\/wp-json\/wp\/v2\/pages\/3348"}],"wp:attachment":[{"href":"https:\/\/venusoyuncak.com\/en\/wp-json\/wp\/v2\/media?parent=3607"}],"curies":[{"name":"wp","href":"https:\/\/api.w.org\/{rel}","templated":true}]}}