{"id":683,"date":"2018-05-29T14:16:02","date_gmt":"2018-05-29T11:16:02","guid":{"rendered":"http:\/\/cocco.mikado-themes.com\/?page_id=683"},"modified":"2018-10-31T14:42:38","modified_gmt":"2018-10-31T11:42:38","slug":"hakkimizda","status":"publish","type":"page","link":"https:\/\/venusoyuncak.com\/en\/kurumsal\/hakkimizda\/","title":{"rendered":"About us"},"content":{"rendered":"<div class=\"mkdf-row-grid-section-wrapper\"  ><div class=\"mkdf-row-grid-section\"><div class=\"vc_row wpb_row vc_row-fluid\" ><div class=\"wpb_column vc_column_container vc_col-sm-6\"><div class=\"vc_column-inner\"><div class=\"wpb_wrapper\"><div class=\"mkdf-single-image-holder\">\n    <div class=\"mkdf-si-inner\" >\n                                    <img width=\"697\" height=\"500\" src=\"https:\/\/venusoyuncak.com\/wp-content\/uploads\/2018\/08\/hakkimizda-image.png\" class=\"attachment-full size-full\" alt=\"\" loading=\"lazy\" srcset=\"https:\/\/venusoyuncak.com\/wp-content\/uploads\/2018\/08\/hakkimizda-image.png 697w, https:\/\/venusoyuncak.com\/wp-content\/uploads\/2018\/08\/hakkimizda-image-150x108.png 150w, https:\/\/venusoyuncak.com\/wp-content\/uploads\/2018\/08\/hakkimizda-image-420x301.png 420w, https:\/\/venusoyuncak.com\/wp-content\/uploads\/2018\/08\/hakkimizda-image-600x430.png 600w\" sizes=\"(max-width: 697px) 100vw, 697px\" \/>                        <\/div>\n<\/div><div class=\"vc_empty_space\"   style=\"height: 50px\" ><span class=\"vc_empty_space_inner\"><\/span><\/div>\n<\/div><\/div><\/div><div class=\"wpb_column vc_column_container vc_col-sm-6\"><div class=\"vc_column-inner\"><div class=\"wpb_wrapper\"><div class=\"vc_empty_space\"   style=\"height: 50px\" ><span class=\"vc_empty_space_inner\"><\/span><\/div>\n<blockquote class=\"mkdf-blockquote-shortcode\" >\n\t<div class=\"mkdf-icon-quotations-holder\">\n        <svg xmlns=\"http:\/\/www.w3.org\/2000\/svg\" xmlns:xlink=\"http:\/\/www.w3.org\/1999\/xlink\" x=\"0px\" y=\"0px\" width=\"167.5px\" height=\"146.5px\" viewbox=\"0 0 167.5 146.5\" enable-background=\"new 0 0 167.5 146.5\" xml:space=\"preserve\">\n                            <path fill=\"#F16F95\" d=\"M34.558,46.648c0,0-23.75,38.75,21.75,87.5c0,0,1.5,6.225-5,4.25c0,0-57.75-49.75-35-109\tc0,0,12.25-29.398,40.714-21.25c0,0,28.286,11.102,15.036,37.5C72.058,45.648,58.308,66.5,34.558,46.648z\"><\/path>\n            <path fill=\"#F16F95\" d=\"M118.558,46.648c0,0-23.75,38.75,21.75,87.5c0,0,1.5,6.225-5,4.25c0,0-57.75-49.75-35-109\tc0,0,12.25-29.398,40.714-21.25c0,0,28.286,11.102,15.036,37.5C156.058,45.648,142.308,66.5,118.558,46.648z\"><\/path>\n                        <\/svg>\n\t<\/div>\n\t<p class=\"mkdf-blockquote-text\">\n\t\t<span>Who Are We?<\/span>\n\t<\/p>\n<\/blockquote><div class=\"vc_empty_space\"   style=\"height: 10px\" ><span class=\"vc_empty_space_inner\"><\/span><\/div>\n\n\t<div class=\"wpb_text_column wpb_content_element\" >\n\t\t<div class=\"wpb_wrapper\">\n\t\t\t<p>Ven\u00fcs Oyuncak, established in 2016 in Istanbul, services in the toy and baby materials industry. It makes production in accordance with the EN71 standards the Toy Regulation of the Ministry of Health through its experienced and expert staff and high capacity machinery.<\/p>\n<p>In the toy industry continuously developing and growing, we make production considering the emotional and physical properties of the children on the purpose of contributing to the development process of them by following the technology and innovations.<\/p>\n<p>The products of the company are prepared using the raw materials suitable for child health, tested in the international laboratories such as Intertek and Bureau Veritas and have CE Quality Certificate.<\/p>\n\n\t\t<\/div>\n\t<\/div>\n<\/div><\/div><\/div><\/div><\/div><\/div>","protected":false},"excerpt":{"rendered":"Biz Kimiz? 2016 y\u0131l\u0131nda \u0130stanbul\u2019da kurulan Ven\u00fcs Oyuncak, bebek gere\u00e7leri ve oyuncak sekt\u00f6r\u00fcnde hizmet vermektedir. B\u00fcnyesinde bar\u0131nd\u0131rd\u0131\u011f\u0131 tecr\u00fcbeli ve uzman kadrosuyla, y\u00fcksek kapasiteli makine parkurlar\u0131yla, EN71 standartlar\u0131na ve Sa\u011fl\u0131k Bakanl\u0131\u011f\u0131 Oyuncak Y\u00f6netmeli\u011fi\u2019ne uygun \u00fcretim yapmaktad\u0131r. S\u00fcrekli geli\u015fen ve b\u00fcy\u00fcyen oyuncak [...]","protected":false},"author":1,"featured_media":0,"parent":3348,"menu_order":0,"comment_status":"closed","ping_status":"closed","template":"full-width.php","meta":[],"_links":{"self":[{"href":"https:\/\/venusoyuncak.com\/en\/wp-json\/wp\/v2\/pages\/683"}],"collection":[{"href":"https:\/\/venusoyuncak.com\/en\/wp-json\/wp\/v2\/pages"}],"about":[{"href":"https:\/\/venusoyuncak.com\/en\/wp-json\/wp\/v2\/types\/page"}],"author":[{"embeddable":true,"href":"https:\/\/venusoyuncak.com\/en\/wp-json\/wp\/v2\/users\/1"}],"replies":[{"embeddable":true,"href":"https:\/\/venusoyuncak.com\/en\/wp-json\/wp\/v2\/comments?post=683"}],"version-history":[{"count":25,"href":"https:\/\/venusoyuncak.com\/en\/wp-json\/wp\/v2\/pages\/683\/revisions"}],"predecessor-version":[{"id":3495,"href":"https:\/\/venusoyuncak.com\/en\/wp-json\/wp\/v2\/pages\/683\/revisions\/3495"}],"up":[{"embeddable":true,"href":"https:\/\/venusoyuncak.com\/en\/wp-json\/wp\/v2\/pages\/3348"}],"wp:attachment":[{"href":"https:\/\/venusoyuncak.com\/en\/wp-json\/wp\/v2\/media?parent=683"}],"curies":[{"name":"wp","href":"https:\/\/api.w.org\/{rel}","templated":true}]}}