{"id":998,"date":"2018-05-31T07:55:46","date_gmt":"2018-05-31T07:55:46","guid":{"rendered":"http:\/\/cocco.mikado-themes.com\/?page_id=998"},"modified":"2024-05-10T02:09:47","modified_gmt":"2024-05-09T23:09:47","slug":"bize-ulasin","status":"publish","type":"page","link":"https:\/\/venusoyuncak.com\/en\/bize-ulasin\/","title":{"rendered":"Contact Us"},"content":{"rendered":"<div class=\"mkdf-row-grid-section-wrapper\"  ><div class=\"mkdf-row-grid-section\"><div class=\"vc_row wpb_row vc_row-fluid vc_custom_1534323587343\" ><div class=\"wpb_column vc_column_container vc_col-sm-6\"><div class=\"vc_column-inner\"><div class=\"wpb_wrapper\"><div class=\"vc_empty_space\"   style=\"height: 38px\" ><span class=\"vc_empty_space_inner\"><\/span><\/div>\n<div class=\"mkdf-section-title-holder    mkdf-st-subtitle-pos-under\" >\n\t<div class=\"mkdf-st-inner\">\n\t\t\t\t            <div>\n                <h1 class=\"mkdf-st-title\" >\n                    Contact Information                <\/h1>\n            <\/div>\n\t\t        \t\t\t\t\t<p class=\"mkdf-st-text\" style=\"font-size: 18px;margin-top: 10px\">\n\t\t\t\tYou can either send an e-mail or reach us through our phone number for obtaining information concerning Venus Oyuncak.\t\t\t<\/p>\n\t\t\t<\/div>\n<\/div><div class=\"vc_empty_space\"   style=\"height: 15px\" ><span class=\"vc_empty_space_inner\"><\/span><\/div>\n<div class=\"mkdf-section-title-holder    mkdf-st-subtitle-pos-under\" >\n\t<div class=\"mkdf-st-inner\">\n\t\t\t\t            <div>\n                <h6 class=\"mkdf-st-title\" >\n                    Ven\u00fcs Oyuncak ve \u00c7ocuk Gere\u00e7leri SAN. T\u0130C. LTD. \u015eT\u0130.                <\/h6>\n            <\/div>\n\t\t        \t\t\t<\/div>\n<\/div><div class=\"vc_empty_space\"   style=\"height: 25px\" ><span class=\"vc_empty_space_inner\"><\/span><\/div>\n<div class=\"mkdf-icon-list-holder  mkdf-icon-list-appear\" >\n                <div class=\"mkdf-il-icon-holder\">\n                <i class=\"mkdf-icon-dripicons dripicon dripicons-phone\" style=\"color: #f85f89;font-size: 22px\"><\/i>            <\/div>\n            <p class=\"mkdf-il-text\" style=\"font-size: 18px\">+90 ( 539 ) 685 57 87<\/p>\n    <\/div><div class=\"mkdf-icon-list-holder  mkdf-icon-list-appear\" >\n                <div class=\"mkdf-il-icon-holder\">\n                <i class=\"mkdf-icon-dripicons dripicon dripicons-phone\" style=\"color: #f85f89;font-size: 22px\"><\/i>            <\/div>\n            <p class=\"mkdf-il-text\" style=\"font-size: 18px\">+90 ( 543 ) 465 11 46<\/p>\n    <\/div><div class=\"mkdf-icon-list-holder  mkdf-icon-list-appear\" >\n            <a href=\"mailto:info@venusoyuncak.com\" class=\"mkdf-il-link\" target=\"_blank\">\n                <div class=\"mkdf-il-icon-holder\">\n                <i class=\"mkdf-icon-dripicons dripicon dripicons-mail\" style=\"color: #f85f89;font-size: 22px\"><\/i>            <\/div>\n            <p class=\"mkdf-il-text\" style=\"font-size: 18px;padding-left: 25px\">info@venusoyuncak.com<\/p>\n    <\/a><\/div><div class=\"mkdf-icon-list-holder  mkdf-icon-list-appear\" >\n            <a href=\"https:\/\/www.google.com.tr\/maps\/place\/40%C2%B053&#039;17.4%22N+29%C2%B021&#039;52.8%22E\/@40.88817,29.3641255,19z\/data=!3m1!4b1!4m9!1m2!2m1!1sDeri+OSB.+Mah.+Lazer+Sk.+No:5+34956+Tuzla%2F%C4%B0stanbul!3m5!1s0x0:0x0!7e2!8m2!3d40.8881686!4d29.3646739\" class=\"mkdf-il-link\" target=\"_blank\">\n                <div class=\"mkdf-il-icon-holder\">\n                <i class=\"mkdf-icon-dripicons dripicon dripicons-location\" style=\"color: #f85f89;font-size: 22px\"><\/i>            <\/div>\n            <p class=\"mkdf-il-text\" style=\"font-size: 18px\">OSB Mah. Orkide Cad. No :2\/1 Beylikd\u00fcz\u00fc \/ \u0130stanbul<\/p>\n    <\/a><\/div><div class=\"vc_empty_space\"   style=\"height: 15px\" ><span class=\"vc_empty_space_inner\"><\/span><\/div>\n<div class=\"mkdf-working-hours-holder\" style=\"background-color: rgba(255,255,255,0.01); border-color: #ffffff\">\n\t<div class=\"mkdf-wh-holder-inner\">\n\t\t\t\t\t\t\t\t\t\t\t<div class=\"mkdf-wh-title-holder\">\n\t\t\t\t\t\t<h3 class=\"mkdf-wh-title\">Working Hours<\/h3>\n\t\t\t\t\t<\/div>\n\t\t\t\t\n            \n\t\t\t\t\t\t\t<div class=\"mkdf-wh-item clearfix\">\n\t\t\t\t\t<span class=\"mkdf-wh-day\">\n\t\t\t\t\t\tPazartesi\t\t\t\t\t<\/span>\n                    <span class=\"mkdf-wh-delimiter\"><\/span>\n\t\t\t\t\t<span class=\"mkdf-wh-hours\">\n\t\t\t\t\t\t\t\t\t\t\t\t\t<span class=\"mkdf-wh-from-to\">08:00 - 20:00<\/span>\n\t\t\t\t\t\t\t\t\t\t\t<\/span>\n\t\t\t\t<\/div>\n\t\t\t\t\t\t\t<div class=\"mkdf-wh-item clearfix\">\n\t\t\t\t\t<span class=\"mkdf-wh-day\">\n\t\t\t\t\t\tSal\u0131\t\t\t\t\t<\/span>\n                    <span class=\"mkdf-wh-delimiter\"><\/span>\n\t\t\t\t\t<span class=\"mkdf-wh-hours\">\n\t\t\t\t\t\t\t\t\t\t\t\t\t<span class=\"mkdf-wh-from-to\">08:00 - 20:00<\/span>\n\t\t\t\t\t\t\t\t\t\t\t<\/span>\n\t\t\t\t<\/div>\n\t\t\t\t\t\t\t<div class=\"mkdf-wh-item clearfix\">\n\t\t\t\t\t<span class=\"mkdf-wh-day\">\n\t\t\t\t\t\t\u00c7ar\u015famba\t\t\t\t\t<\/span>\n                    <span class=\"mkdf-wh-delimiter\"><\/span>\n\t\t\t\t\t<span class=\"mkdf-wh-hours\">\n\t\t\t\t\t\t\t\t\t\t\t\t\t<span class=\"mkdf-wh-from-to\">08:00 - 20:00<\/span>\n\t\t\t\t\t\t\t\t\t\t\t<\/span>\n\t\t\t\t<\/div>\n\t\t\t\t\t\t\t<div class=\"mkdf-wh-item clearfix\">\n\t\t\t\t\t<span class=\"mkdf-wh-day\">\n\t\t\t\t\t\tPer\u015fembe\t\t\t\t\t<\/span>\n                    <span class=\"mkdf-wh-delimiter\"><\/span>\n\t\t\t\t\t<span class=\"mkdf-wh-hours\">\n\t\t\t\t\t\t\t\t\t\t\t\t\t<span class=\"mkdf-wh-from-to\">08:00 - 20:00<\/span>\n\t\t\t\t\t\t\t\t\t\t\t<\/span>\n\t\t\t\t<\/div>\n\t\t\t\t\t\t\t<div class=\"mkdf-wh-item clearfix\">\n\t\t\t\t\t<span class=\"mkdf-wh-day\">\n\t\t\t\t\t\tCuma\t\t\t\t\t<\/span>\n                    <span class=\"mkdf-wh-delimiter\"><\/span>\n\t\t\t\t\t<span class=\"mkdf-wh-hours\">\n\t\t\t\t\t\t\t\t\t\t\t\t\t<span class=\"mkdf-wh-from-to\">08:00 - 20:00<\/span>\n\t\t\t\t\t\t\t\t\t\t\t<\/span>\n\t\t\t\t<\/div>\n\t\t\t\t\t\t\t<div class=\"mkdf-wh-item clearfix\">\n\t\t\t\t\t<span class=\"mkdf-wh-day\">\n\t\t\t\t\t\tCumartesi\t\t\t\t\t<\/span>\n                    <span class=\"mkdf-wh-delimiter\"><\/span>\n\t\t\t\t\t<span class=\"mkdf-wh-hours\">\n\t\t\t\t\t\t\t\t\t\t\t\t\t<span class=\"mkdf-wh-from-to\">08:00 - 20:00<\/span>\n\t\t\t\t\t\t\t\t\t\t\t<\/span>\n\t\t\t\t<\/div>\n\t\t\t            \t\t\t<\/div>\n<\/div><\/div><\/div><\/div><div class=\"wpb_column vc_column_container vc_col-sm-6\"><div class=\"vc_column-inner\"><div class=\"wpb_wrapper\"><div class=\"mkdf-elements-holder   mkdf-one-column  mkdf-responsive-mode-768\" ><div class=\"mkdf-eh-item   mkdf-horizontal-alignment-center\" style=\"background-color: #9ad8d3;border-radius: 10px\" data-item-class=\"mkdf-eh-custom-8350\">\n\t<div class=\"mkdf-eh-item-inner\">\n\t\t<div class=\"mkdf-eh-item-content mkdf-eh-custom-8350\" style=\"padding: 17px 40px 40px 40px\">\n\t\t\t\n\t<div class=\"wpb_text_column wpb_content_element\" >\n\t\t<div class=\"wpb_wrapper\">\n\t\t\t<h1><span style=\"color: #ffffff;\">Contact Form<\/span><\/h1>\n\n\t\t<\/div>\n\t<\/div>\n<div class=\"vc_empty_space\"   style=\"height: 22px\" ><span class=\"vc_empty_space_inner\"><\/span><\/div>\n<div role=\"form\" class=\"wpcf7\" id=\"wpcf7-f1041-o1\" lang=\"en-US\" dir=\"ltr\">\n<div class=\"screen-reader-response\" role=\"alert\" aria-live=\"polite\"><\/div>\n<form action=\"\/en\/wp-json\/wp\/v2\/pages\/998#wpcf7-f1041-o1\" method=\"post\" class=\"wpcf7-form init cf7_custom_style_1\" novalidate=\"novalidate\" data-trp-original-action=\"\/en\/wp-json\/wp\/v2\/pages\/998#wpcf7-f1041-o1\">\n<div style=\"display: none;\">\n<input type=\"hidden\" name=\"_wpcf7\" value=\"1041\" \/>\n<input type=\"hidden\" name=\"_wpcf7_version\" value=\"5.2.2\" \/>\n<input type=\"hidden\" name=\"_wpcf7_locale\" value=\"en_US\" \/>\n<input type=\"hidden\" name=\"_wpcf7_unit_tag\" value=\"wpcf7-f1041-o1\" \/>\n<input type=\"hidden\" name=\"_wpcf7_container_post\" value=\"0\" \/>\n<input type=\"hidden\" name=\"_wpcf7_posted_data_hash\" value=\"\" \/>\n<\/div>\n<div class=\"mkdf-grid-row qodef-grid-normal-gutter\">\n<div class=\"mkdf-grid-col-12\">\n\t<span class=\"wpcf7-form-control-wrap your-name\"><input type=\"text\" name=\"your-name\" value=\"\" size=\"40\" class=\"wpcf7-form-control wpcf7-text wpcf7-validates-as-required\" aria-required=\"true\" aria-invalid=\"false\" placeholder=\"Name, Surname\" \/><\/span>\n    <\/div>\n<\/div>\n<div class=\"mkdf-grid-row qodef-grid-normal-gutter\">\n<div class=\"mkdf-grid-col-12\">\n\t<span class=\"wpcf7-form-control-wrap your-phone\"><input type=\"text\" name=\"your-phone\" value=\"\" size=\"40\" class=\"wpcf7-form-control wpcf7-text wpcf7-validates-as-required\" aria-required=\"true\" aria-invalid=\"false\" placeholder=\"Phone\" \/><\/span>\n    <\/div>\n<\/div>\n<div class=\"mkdf-grid-row qodef-grid-normal-gutter\">\n<div class=\"mkdf-grid-col-12\">\n\t<span class=\"wpcf7-form-control-wrap your-email\"><input type=\"email\" name=\"your-email\" value=\"\" size=\"40\" class=\"wpcf7-form-control wpcf7-text wpcf7-email wpcf7-validates-as-required wpcf7-validates-as-email\" aria-required=\"true\" aria-invalid=\"false\" placeholder=\"Email\" \/><\/span>\n    <\/div>\n<\/div>\n<div class=\"mkdf-grid-row qodef-grid-normal-gutter\">\n<div class=\"mkdf-grid-col-12\">\n\t<span class=\"wpcf7-form-control-wrap your-firm\"><input type=\"text\" name=\"your-firm\" value=\"\" size=\"40\" class=\"wpcf7-form-control wpcf7-text\" aria-invalid=\"false\" placeholder=\"Company Name\" \/><\/span>\n    <\/div>\n<\/div>\n<div class=\"mkdf-grid-row qodef-grid-normal-gutter\">\n<div class=\"mkdf-grid-col-12\">\n\t<span class=\"wpcf7-form-control-wrap your-subject\"><input type=\"text\" name=\"your-subject\" value=\"\" size=\"40\" class=\"wpcf7-form-control wpcf7-text\" aria-invalid=\"false\" placeholder=\"The Subject Of The Form\" \/><\/span>\n    <\/div>\n<\/div>\n<p><span class=\"wpcf7-form-control-wrap your-message\"><textarea name=\"your-message\" cols=\"40\" rows=\"10\" class=\"wpcf7-form-control wpcf7-textarea\" aria-invalid=\"false\" placeholder=\"Your Message\"><\/textarea><\/span><\/p>\n<div class=\"mkdf-btn mkdf-btn-medium mkdf-btn-solid mkdf-btn-icon mkdf-btn-icon-animate\">\n\t    <input type=\"submit\" value=\"Send\" class=\"wpcf7-form-control wpcf7-submit mkdf-cf7-submit-with-icon\" \/><span class=\"mkdf-btn-icon-holder\"><span class=\"mkdf-btn-icon-holder-inner\"><i class=\"mkdf-icon-dripicons dripicon dripicons-rocket mkdf-btn-icon-elem\"><\/i><span aria-hidden=\"true\" class=\"mkdf-icon-font-elegant arrow_carrot-right mkdf-btn-icon-elem\"><\/span><\/span><\/span>\n <\/div>\n<div class=\"wpcf7-response-output\" role=\"alert\" aria-hidden=\"true\"><\/div><input type=\"hidden\" name=\"trp-form-language\" value=\"en\"\/><\/form><\/div>\t\t<\/div>\n\t<\/div>\n<\/div><\/div><\/div><\/div><\/div><\/div><\/div><\/div><div class=\"vc_row wpb_row vc_row-fluid\" ><div class=\"wpb_column vc_column_container vc_col-sm-12\"><div class=\"vc_column-inner\"><div class=\"wpb_wrapper\"><div class=\"mkdf-elements-holder   mkdf-one-column  mkdf-responsive-mode-768\" ><div class=\"mkdf-eh-item\" style=\"border-color: #72cbc4;border-width: 1.5pt;border-style: dashed;border-radius: 10px\" data-item-class=\"mkdf-eh-custom-5630\">\n\t<div class=\"mkdf-eh-item-inner\">\n\t\t<div class=\"mkdf-eh-item-content mkdf-eh-custom-5630\" style=\"padding: 0px 0px 0px 0px\">\n\t\t\t<div class=\"wpb_gmaps_widget wpb_content_element\" >\n\t\t<div class=\"wpb_wrapper\">\n\t\t<div class=\"wpb_map_wraper\">\n\t\t\t<iframe src=\"https:\/\/www.google.com\/maps\/embed?pb=!1m14!1m8!1m3!1d5217.342169284018!2d28.666958088830636!3d41.003069519700624!3m2!1i1024!2i768!4f13.1!3m3!1m2!1s0x14b55f83df72d0a9%3A0x9ef22eb1920ba1e3!2zQmV5bGlrZMO8esO8IE9TQiwgT3JraWRlIENkLiwgMzQ1MjAgQmV5bGlrZMO8esO8L8Swc3RhbmJ1bA!5e0!3m2!1str!2str!4v1715296173719!5m2!1str!2str\" width=\"600\" height=\"450\" style=\"border:0;\" allowfullscreen=\"\" loading=\"lazy\" referrerpolicy=\"no-referrer-when-downgrade\"><\/iframe>\t\t<\/div>\n\t<\/div>\n<\/div>\n\t\t<\/div>\n\t<\/div>\n<\/div><\/div><\/div><\/div><\/div><\/div>","protected":false},"excerpt":{"rendered":"\u0130leti\u015fim Bilgileri Venus Oyuncak hakk\u0131nda bilgi almak i\u00e7in e-posta g\u00f6nderebilir ya da telefon numaram\u0131zdan bizlere ula\u015fabilirsiniz. Ven\u00fcs Oyuncak ve \u00c7ocuk Gere\u00e7leri SAN. T\u0130C. LTD. \u015eT\u0130. +90 ( 539 ) 685 57 87 +90 ( 543 ) 465 11 46 info@venusoyuncak.com [...]","protected":false},"author":1,"featured_media":0,"parent":0,"menu_order":0,"comment_status":"closed","ping_status":"closed","template":"full-width.php","meta":[],"_links":{"self":[{"href":"https:\/\/venusoyuncak.com\/en\/wp-json\/wp\/v2\/pages\/998"}],"collection":[{"href":"https:\/\/venusoyuncak.com\/en\/wp-json\/wp\/v2\/pages"}],"about":[{"href":"https:\/\/venusoyuncak.com\/en\/wp-json\/wp\/v2\/types\/page"}],"author":[{"embeddable":true,"href":"https:\/\/venusoyuncak.com\/en\/wp-json\/wp\/v2\/users\/1"}],"replies":[{"embeddable":true,"href":"https:\/\/venusoyuncak.com\/en\/wp-json\/wp\/v2\/comments?post=998"}],"version-history":[{"count":56,"href":"https:\/\/venusoyuncak.com\/en\/wp-json\/wp\/v2\/pages\/998\/revisions"}],"predecessor-version":[{"id":3736,"href":"https:\/\/venusoyuncak.com\/en\/wp-json\/wp\/v2\/pages\/998\/revisions\/3736"}],"wp:attachment":[{"href":"https:\/\/venusoyuncak.com\/en\/wp-json\/wp\/v2\/media?parent=998"}],"curies":[{"name":"wp","href":"https:\/\/api.w.org\/{rel}","templated":true}]}}