{"id":3626,"date":"2019-10-09T16:21:34","date_gmt":"2019-10-09T13:21:34","guid":{"rendered":"https:\/\/venusoyuncak.com\/?post_type=product&#038;p=3626"},"modified":"2020-02-20T15:17:03","modified_gmt":"2020-02-20T12:17:03","slug":"bowling-eglenceli-bardaklar","status":"publish","type":"product","link":"https:\/\/venusoyuncak.com\/en\/product\/bowling-eglenceli-bardaklar\/","title":{"rendered":"Bowling E\u011flenceli Bardaklar"},"content":{"rendered":"<h3>Bowling E\u011flenceli Bardaklar \u0130\u00e7erik<\/h3>\n<ul>\n<li>20 adet renkli bardak<\/li>\n<li>4 adet soft top<\/li>\n<li>2 adet rakam sticker\u2019\u0131<\/li>\n<\/ul>\n<h3>Bowling E\u011flenceli Bardaklar Oyunu Nas\u0131l Oynan\u0131r?<\/h3>\n<p>H\u0131z Refleks Dikkat ve Zeka oyunu olan Bardak bowling oyunu 2 ana oyuncu i\u00e7in tasarlanm\u0131\u015f e\u011flenceli bir oyundur.<\/p>\n<p>Bir kutudan 2 farkl\u0131 \u00e7ocu\u011fun oynayabilece\u011fi materyaller bulunmaktad\u0131r.<\/p>\n<p>\u00dcr\u00fcn 1 adet kutuda 2 set olarak haz\u0131rlanm\u0131\u015ft\u0131r.<\/p>\n<ul>\n<li>Kutu i\u00e7erisinden \u00e7\u0131kan stickerlar bardaklar\u0131n \u00fczerine renklerine g\u00f6re yap\u0131\u015ft\u0131r\u0131l\u0131r.<\/li>\n<li>Bardaklar en alt s\u0131radan 4-3-2-1 olarak \u00fcst \u00fcste dizilir.Bir kule g\u00f6r\u00fcnt\u00fcs\u00fc olu\u015fur.<\/li>\n<li>Her barda\u011f\u0131n \u00fczerinde numaralar bulunur ve en h\u0131zl\u0131 dizen oyuncu at\u0131\u015f\u0131n\u0131 yapmak \u00fczere belirlenen mesafeye ge\u00e7er ve at\u0131\u015f\u0131n\u0131 ger\u00e7ekle\u015ftirir.<\/li>\n<li>Devrilen bardaklar \u00fczerindeki puanlar toplan\u0131r ve oyuncunun puan hanesine yaz\u0131l\u0131r.<\/li>\n<li>10 at\u0131\u015f sonras\u0131nda en \u00e7ok puana sahip olan oyuncu oyunu kazan\u0131r.<\/li>\n<\/ul>\n<p><strong>Bu kar\u015f\u0131l\u0131kl\u0131 e\u011flenceli ve rekabet dolu oyunda t\u00fcm oyunculara BOL \u015eANS!<\/strong><\/p>","protected":false},"excerpt":{"rendered":"<h5>\u00dcr\u00fcn \u0130\u00e7eri\u011fi<\/h5>\n<ul>\n<li>20 adet renkli bardak<\/li>\n<li>4 adet soft top<\/li>\n<li>2 adet rakam sticker\u2019\u0131<\/li>\n<\/ul>\n<p><span style=\"color: #000;\">Stok Kodu\u00a0 : &#8211;<br \/>\nBarkod No : &#8211;<\/span><\/p>\n<h5>\u00dcr\u00fcn\u00fcn Di\u011fer Foto\u011fraflar\u0131<\/h5>\n[vc_row][vc_column][vc_gallery type=\"image_grid\" images=\"3719\"][\/vc_column][\/vc_row]","protected":false},"featured_media":3622,"template":"","meta":[],"_links":{"self":[{"href":"https:\/\/venusoyuncak.com\/en\/wp-json\/wp\/v2\/product\/3626"}],"collection":[{"href":"https:\/\/venusoyuncak.com\/en\/wp-json\/wp\/v2\/product"}],"about":[{"href":"https:\/\/venusoyuncak.com\/en\/wp-json\/wp\/v2\/types\/product"}],"wp:featuredmedia":[{"embeddable":true,"href":"https:\/\/venusoyuncak.com\/en\/wp-json\/wp\/v2\/media\/3622"}],"wp:attachment":[{"href":"https:\/\/venusoyuncak.com\/en\/wp-json\/wp\/v2\/media?parent=3626"}],"curies":[{"name":"wp","href":"https:\/\/api.w.org\/{rel}","templated":true}]}}