{"id":3627,"date":"2019-10-09T16:22:38","date_gmt":"2019-10-09T13:22:38","guid":{"rendered":"https:\/\/venusoyuncak.com\/?post_type=product&#038;p=3627"},"modified":"2019-12-31T11:45:10","modified_gmt":"2019-12-31T08:45:10","slug":"yuzde-yuz-yerli-tabu-nebuu-junior","status":"publish","type":"product","link":"https:\/\/venusoyuncak.com\/en\/product\/yuzde-yuz-yerli-tabu-nebuu-junior\/","title":{"rendered":"Nebuu Junior"},"content":{"rendered":"<h3>Nebuu Junior \u0130\u00e7erik<\/h3>\n<ul>\n<li>+4 Oyuncu<\/li>\n<li>105 adet resimli anlat\u0131m kart\u0131<\/li>\n<li>\u0130lerleme yolu<\/li>\n<li>Kum saati<\/li>\n<li>Zil<\/li>\n<li>2 Adet piyon<\/li>\n<\/ul>\n<h3>Nebuu Junior<\/h3>\n<p>Nebuu Jr. Aile boyu e\u011flence oyununda \u00e7ocuklar ve anne babalar i\u00e7in keyifli dakikalara haz\u0131r olun.<\/p>\n<p>Yasakl\u0131 kelimeleri kullanmadan en \u00e7ok kelimeyi arkada\u015flar\u0131na anlatan ve macera dolu ilerleme yolunda piyonlar\u0131n\u0131 en h\u0131zl\u0131 sonra g\u00f6t\u00fcren tak\u0131m oyunu kazan\u0131yor.<\/p>\n<p>Kart\u0131n\u0131 se\u00e7 ve yasakl\u0131 kelimeleri kullanmadan anlat. Yasakl\u0131 kelimeleri kullan\u0131rsan rakip tak\u0131m oyuncusu &#8216;Z\u0130L&#8217; butonuna basar ve anlat\u0131m s\u0131ras\u0131 rakip oyunculara ge\u00e7er.<\/p>\n<p>Zamana kar\u015f\u0131 yar\u0131\u015ft\u0131\u011f\u0131n\u0131 unutma! Kum saatinde sana verilen s\u00fcre dolmadan kelimeni anlatmal\u0131s\u0131n.<\/p>\n<p>Bu e\u011flenceli macerada ilerleme yolunu en \u00e7abuk tamamlayan tak\u0131m oyunu kazan\u0131r.<\/p>\n<h3>Nebuu Junior Hedefleri<\/h3>\n<p>Nebuu Jr. Her bir detay\u0131 ile \u00e7ocuklar\u0131n ilgisini \u00e7ekebilecek \u015fekilde uzman ekipler taraf\u0131ndan geli\u015firildi.<\/p>\n<p>\u00c7ocuklar birbirleri ile ileti\u015fim halinde e\u011fleniyor ve ayn\u0131 zamanda ekip ruhu olu\u015fumuna katk\u0131da bulunuyoruz.<\/p>\n<p>Bu keyifli oyunda t\u00fcm oyunculara \u015fimdiden BOL \u015eANS!<\/p>","protected":false},"excerpt":{"rendered":"<h5>\u00dcr\u00fcn i\u00e7eri\u011fi<\/h5>\n<ul>\n<li>+4 Oyuncu<\/li>\n<li>105 adet resimli anlat\u0131m kart\u0131<\/li>\n<li>\u0130lerleme yolu<\/li>\n<li>Kum saati<\/li>\n<li>Zil<\/li>\n<li>2 Adet piyon<\/li>\n<\/ul>\n<p><span style=\"color: #000;\">Stok Kodu\u00a0 : &#8211;<br \/>\nBarkod No : &#8211;<\/span><\/p>\n<h5>\u00dcr\u00fcn\u00fcn Di\u011fer Foto\u011fraflar\u0131<\/h5>\n[vc_row][vc_column][vc_gallery type=\"image_grid\" images=\"3699,3703,3698\"][\/vc_column][\/vc_row]","protected":false},"featured_media":3684,"template":"","meta":[],"_links":{"self":[{"href":"https:\/\/venusoyuncak.com\/en\/wp-json\/wp\/v2\/product\/3627"}],"collection":[{"href":"https:\/\/venusoyuncak.com\/en\/wp-json\/wp\/v2\/product"}],"about":[{"href":"https:\/\/venusoyuncak.com\/en\/wp-json\/wp\/v2\/types\/product"}],"wp:featuredmedia":[{"embeddable":true,"href":"https:\/\/venusoyuncak.com\/en\/wp-json\/wp\/v2\/media\/3684"}],"wp:attachment":[{"href":"https:\/\/venusoyuncak.com\/en\/wp-json\/wp\/v2\/media?parent=3627"}],"curies":[{"name":"wp","href":"https:\/\/api.w.org\/{rel}","templated":true}]}}