{"id":3644,"date":"2019-10-09T16:59:41","date_gmt":"2019-10-09T13:59:41","guid":{"rendered":"https:\/\/venusoyuncak.com\/?post_type=product&#038;p=3644"},"modified":"2019-12-30T21:54:11","modified_gmt":"2019-12-30T18:54:11","slug":"ingilizce-kelime-avi","status":"publish","type":"product","link":"https:\/\/venusoyuncak.com\/en\/product\/ingilizce-kelime-avi\/","title":{"rendered":"\u0130ngilizce Kelime Av\u0131"},"content":{"rendered":"<h3>\u0130ngilizce Kelime Av\u0131 \u0130\u00e7erik<\/h3>\n<ul>\n<li>9 Adet Bask\u0131l\u0131 Oyun Tablas\u0131<\/li>\n<li>70 Adet \u0130ngilizce Oyun Kart\u0131<\/li>\n<li>1 Adet Masa Zili<\/li>\n<li>Oyun Anlat\u0131m Kart\u0131<\/li>\n<\/ul>\n<h3>\u0130ngilizce Kelime Av\u0131 Hedefleri<\/h3>\n<p>S\u0131ran Dedektif oyunlar\u0131n\u0131 unutun! Art\u0131k \u00e7ocu\u011funuz \u0130ngilizce bilen ve \u00f6\u011frenen bir dedektif,\u0130z s\u00fcrerken \u0130ngilizce kelimeleri \u00f6\u011frenecek,tan\u0131yacak<br \/>\nkar\u015f\u0131s\u0131na \u00e7\u0131kan ifadelerin \u0130ngilizce anlamlar\u0131n\u0131 zihninden harmanlay\u0131p sonuca ula\u015fabilecek.<\/p>\n<p>Temel \u0130ngilizce \u00f6\u011frenimi i\u00e7in e\u015fsiz bir yard\u0131mc\u0131 oyun olan \u0130ngilizce Dedektif \u00f6d\u00fcll\u00fc bir oyundur.Okula haz\u0131rl\u0131k i\u00e7in en iyi arkada\u015flar\u0131n\u0131zdan biri olacak olan \u0130ngilizce Dedektif oyunu en temel yard\u0131mc\u0131n\u0131z olacak.<\/p>\n<p>E\u011flenirken \u00f6\u011frenmeyi hedefledi\u011fimiz bu oyunda \u0130ngilizce kelime haznesini geli\u015ftirmek,g\u00f6rsellerden yola \u00e7\u0131karak kelime da\u011farc\u0131\u011f\u0131n\u0131 geli\u015ftirmek ana hedefimizdir.<\/p>\n<p>Ven\u00fcs Dedektif Oyunu \u00e7ocuklar\u0131n\u0131za beceri ve koordineli d\u00fc\u015f\u00fcnme ve hareket etme \u00f6zelli\u011fi kazand\u0131r\u0131r.<\/p>\n<p>Dedektif Tilki her bir detay\u0131 ile \u00e7ocuklar\u0131n ilgisini \u00e7ekebilecek \u015fekilde uzman ekipler taraf\u0131ndan geli\u015ftirildi.<\/p>\n<p>\u00c7ocuklar birbirleri ile ileti\u015fim halinde e\u011fleniyor ve ayn\u0131 zamanda ekip ruhu olu\u015fumuna katk\u0131da bulunuyoruz.<\/p>\n<p><strong>Bu keyifli oyunda t\u00fcm oyunculara \u015fimdiden BOL \u015eANS!<\/strong><\/p>\n<p>&nbsp;<\/p>\n<p>Ven\u00fcs oyuncak \u00fcr\u00fcnleri uzman ekipler taraf\u0131ndan haz\u0131rlan\u0131p, \u00e7ocuk geli\u015fimi a\u00e7\u0131s\u0131ndan t\u00fcm anne babalar\u0131n g\u00f6n\u00fcl rahatl\u0131\u011f\u0131yla se\u00e7ebilece\u011fi \u00fcr\u00fcnlerdir.<br \/>\n\u00dcr\u00fcnlerimiz test raporlar\u0131ndan ge\u00e7mi\u015ftir. \u00c7ocuk sa\u011fl\u0131\u011f\u0131na olumsuz etki edecek<br \/>\nbir madde bulunmamaktad\u0131r.<\/p>\n<h3>Ven\u00fcs \u0130ngilizce Dedektif Tilki Oyunu Nas\u0131l Oynan\u0131r?<\/h3>\n<p>Dedektif oyunu g\u00f6zlem kabiliyetine dayanan bir oyundur.<\/p>\n<p>9 adet bask\u0131l\u0131 mukavva yere serilir. Tablan\u0131n ortas\u0131na masa zili yerle\u015ftirilir.<\/p>\n<p>\u0130NG\u0130L\u0130ZCE oyun kartlar\u0131 yere a\u00e7\u0131l\u0131r.<\/p>\n<p>Kart\u0131n \u00fczerindeki yaz\u0131 \u00f6rn: apple yani elma ise yerden elma simgesi bulunmaya \u00e7al\u0131\u015f\u0131l\u0131r.<\/p>\n<p>70 adet oyun kart\u0131ndan zorluk derecesine g\u00f6re kolaydan zora gidilecek \u015fekilde ba\u015flan\u0131r.<\/p>\n<p>Karttaki \u015fekil ya da \u015fekilleri oyun tablas\u0131nda ilk bulan oyuncu, oyun tablas\u0131n\u0131n ortas\u0131na yerle\u015ftirilen zile basarak oyunu durdurur.<\/p>\n<p>Kart\u0131ndaki \u015fekilleri bulan oyuncu kart\u0131 muhafaza eder.\u00a0Ve kart\u0131n arkas\u0131ndaki puan kendi hanesine yaz\u0131l\u0131r.<\/p>\n<p>Kartta bulunan \u015fekil say\u0131s\u0131na g\u00f6re puan toplan\u0131r.<\/p>\n<p>Oyun kartlar bitene kadar devam eder.<\/p>\n<p>Oyun sonunda, toplad\u0131\u011f\u0131 kartlara g\u00f6re\u00a0en y\u00fcksek puan\u0131 alan ki\u015fi oyunu kazan\u0131r.<\/p>\n<p>&nbsp;<\/p>\n<p>&nbsp;<\/p>","protected":false},"excerpt":{"rendered":"<h5>\u00dcr\u00fcn \u0130\u00e7eri\u011fi<\/h5>\n<ul>\n<li>9 Adet Bask\u0131l\u0131 Oyun Tablas\u0131<\/li>\n<li>70 Adet \u0130ngilizce Oyun Kart\u0131<\/li>\n<li>1 Adet Masa Zili<\/li>\n<li>Oyun Anlat\u0131m Kart\u0131<\/li>\n<\/ul>\n<p><span style=\"color: #000;\">Stok Kodu\u00a0 : &#8211;<br \/>\nBarkod No : &#8211;<\/span><\/p>\n<h5>\u00dcr\u00fcn\u00fcn Di\u011fer Foto\u011fraflar\u0131<\/h5>\n[vc_row][vc_column][vc_gallery type=\"image_grid\" images=\"3694,3693,3692\"][\/vc_column][\/vc_row]","protected":false},"featured_media":3686,"template":"","meta":[],"_links":{"self":[{"href":"https:\/\/venusoyuncak.com\/en\/wp-json\/wp\/v2\/product\/3644"}],"collection":[{"href":"https:\/\/venusoyuncak.com\/en\/wp-json\/wp\/v2\/product"}],"about":[{"href":"https:\/\/venusoyuncak.com\/en\/wp-json\/wp\/v2\/types\/product"}],"wp:featuredmedia":[{"embeddable":true,"href":"https:\/\/venusoyuncak.com\/en\/wp-json\/wp\/v2\/media\/3686"}],"wp:attachment":[{"href":"https:\/\/venusoyuncak.com\/en\/wp-json\/wp\/v2\/media?parent=3644"}],"curies":[{"name":"wp","href":"https:\/\/api.w.org\/{rel}","templated":true}]}}