{"id":3650,"date":"2019-10-09T18:24:24","date_gmt":"2019-10-09T15:24:24","guid":{"rendered":"https:\/\/venusoyuncak.com\/?post_type=product&#038;p=3650"},"modified":"2020-01-22T17:01:56","modified_gmt":"2020-01-22T14:01:56","slug":"fast-numbers","status":"publish","type":"product","link":"https:\/\/venusoyuncak.com\/en\/product\/fast-numbers\/","title":{"rendered":"Fast Numbers"},"content":{"rendered":"<h3>Fast Numbers \u0130\u00e7erik<\/h3>\n<ul>\n<li>+4 Oyuncu \u0130\u00e7in Renkli Pullar<\/li>\n<li>60 Adet Soru Kart\u0131 (30 kart toplama i\u015flemi-30 kart \u00e7\u0131karma i\u015flemi)<\/li>\n<li>1 Adet Oyun Zili<\/li>\n<li>Cevap Anahtar\u0131 Kartonu<\/li>\n<\/ul>\n<h3>Fast Numbers Temel Matematik Oyunu Hedefleri Nelerdir?<\/h3>\n<p>Matematik dersi t\u00fcm \u00f6\u011frenciler i\u00e7in zor ve s\u0131k\u0131c\u0131 bir ders olarak g\u00f6r\u00fclm\u00fc\u015ft\u00fcr.Fast Numbers oyununun as\u0131l amac\u0131 bu s\u0131k\u0131c\u0131l\u0131\u011f\u0131 ortadan kald\u0131r\u0131p temel matemati\u011fe ilk ad\u0131m\u0131 bir oyun halinde \u00f6\u011frencilere sunmakt\u0131r.\u00c7ocuk geli\u015fiminde e\u011fitimin ne kadar \u00f6nemi varsa oyun oynaman\u0131nda yeri o kadar \u00f6nemlidir.Oyun ve e\u011fitimi bir araya getirip \u00e7ocuklar\u0131m\u0131za sundu\u011fumuzda iki i\u015fide en keyifli hale getirmi\u015f oluyoruz.<\/p>\n<p>Ayn\u0131 zamanda Ven\u00fcs Fast Numbers Temel Matematik Oyunu \u00e7ocuklar\u0131n\u0131za beceri, koordineli d\u00fc\u015f\u00fcnme ve hareket etme \u00f6zelli\u011fi kazand\u0131r\u0131r.<br \/>\nFast Numbers her bir detay\u0131 ile \u00e7ocuklar\u0131n ilgisini \u00e7ekebilecek \u015fekilde uzman ekipler taraf\u0131ndan geli\u015ftirilmi\u015ftir.<\/p>\n<p>\u00c7ocuklar birbirleri ile ileti\u015fim halinde e\u011fleniyor ve ayn\u0131 zamanda ekip ruhu olu\u015fumuna katk\u0131da bulunuyoruz.<\/p>\n<p>Bu keyifli oyunda t\u00fcm oyunculara \u015fimdiden BOL \u015eANS!<br \/>\nVen\u00fcs oyuncak \u00fcr\u00fcnleri uzman ekipler taraf\u0131ndan haz\u0131rlan\u0131p, \u00e7ocuk geli\u015fimi a\u00e7\u0131s\u0131ndan t\u00fcm anne babalar\u0131n g\u00f6n\u00fcl rahatl\u0131\u011f\u0131yla se\u00e7ebilece\u011fi \u00fcr\u00fcnlerdir.<br \/>\n\u00dcr\u00fcnlerimiz test raporlar\u0131ndan ge\u00e7mi\u015ftir. \u00c7ocuk sa\u011fl\u0131\u011f\u0131na olumsuz etki edecek<br \/>\nbir madde bulunmamaktad\u0131r.<\/p>\n<h3>Fast Numbers Oyunu Nas\u0131l Oynan\u0131r?<\/h3>\n<p>2 -3 veya 4 oyuncu ile oynan\u0131r.4 renk oyun pulu vard\u0131r .Her oyuncu kendine bir pul rengi se\u00e7er. Temel matematik i\u015flemleri olan toplama ve \u00e7\u0131karma i\u015flemlerinin oldu\u011fu 2 farkl\u0131 deste vard\u0131r .Cevap anahtar\u0131 kartonu yere serilir .Oyuncular kar\u015f\u0131 kar\u015f\u0131ya gelecek \u015fekilde otururlar .Kartonun ortas\u0131nda oyun zili yerine zil yerle\u015ftirilir .Oyuncular hangi desteyle oyuna ba\u015flayacaklar\u0131n\u0131 belirler(Toplama ve \u00e7\u0131karma desteleri ayr\u0131 ayr\u0131 oynan\u0131r.)<br \/>\n\u00d6rn; Toplama  destesi se\u00e7ilir . Deste i\u00e7inden s\u0131ras\u0131yla soru kartlar\u0131 a\u00e7\u0131l\u0131r . Toplama i\u015flemini en k\u0131sa s\u00fcrede bilen oyuncu oyun kartonu ortas\u0131ndaki zil butonuna basar ve pulunu \u00f6n\u00fcndeki cevap kartonundaki do\u011fru cevab\u0131n oldu\u011fu alana yerle\u015ftirir. Oyun b\u00f6yle devam eder.30 adet soru kart\u0131 bitti\u011finde en \u00e7ok hangi renkte pul varsa o rengi se\u00e7en oyuncu oyunu kazan\u0131r.<\/p>\n<p>&nbsp;<\/p>","protected":false},"excerpt":{"rendered":"<h5>\u00dcr\u00fcn \u0130\u00e7eri\u011fi<\/h5>\n<ul>\n<li>+4 Oyuncu \u0130\u00e7in Renkli Pullar<\/li>\n<li>60 Adet Soru Kart\u0131 (30 kart toplama i\u015flemi-30 kart \u00e7\u0131karma i\u015flemi)<\/li>\n<li>1 Adet Oyun Zili<\/li>\n<li>Cevap Anahtar\u0131 Kartonu<\/li>\n<\/ul>\n<p><span style=\"color: #000;\">Stok Kodu\u00a0 : &#8211;<br \/>\nBarkod No : &#8211;<\/span><\/p>\n<h5>\u00dcr\u00fcn\u00fcn Di\u011fer Foto\u011fraflar\u0131<\/h5>\n[vc_row][vc_column][vc_gallery type=\"image_grid\" images=\"3710,3711\"][\/vc_column][\/vc_row]","protected":false},"featured_media":3709,"template":"","meta":[],"_links":{"self":[{"href":"https:\/\/venusoyuncak.com\/en\/wp-json\/wp\/v2\/product\/3650"}],"collection":[{"href":"https:\/\/venusoyuncak.com\/en\/wp-json\/wp\/v2\/product"}],"about":[{"href":"https:\/\/venusoyuncak.com\/en\/wp-json\/wp\/v2\/types\/product"}],"wp:featuredmedia":[{"embeddable":true,"href":"https:\/\/venusoyuncak.com\/en\/wp-json\/wp\/v2\/media\/3709"}],"wp:attachment":[{"href":"https:\/\/venusoyuncak.com\/en\/wp-json\/wp\/v2\/media?parent=3650"}],"curies":[{"name":"wp","href":"https:\/\/api.w.org\/{rel}","templated":true}]}}